{"id":22593,"date":"2026-02-06T16:44:03","date_gmt":"2026-02-06T15:44:03","guid":{"rendered":"https:\/\/www.nascht.lu\/?page_id=22593"},"modified":"2026-04-03T15:20:32","modified_gmt":"2026-04-03T13:20:32","slug":"nascht-krippe-differdange","status":"publish","type":"page","link":"https:\/\/www.nascht.lu\/de\/nascht-krippe-differdange\/","title":{"rendered":"Nascht-Krippe Differdange"},"content":{"rendered":"\t\t<div data-elementor-type=\"wp-page\" data-elementor-id=\"22593\" class=\"elementor elementor-22593 elementor-22539\" data-elementor-post-type=\"page\">\n\t\t\t\t<div class=\"elementor-element elementor-element-dba7039 qodef-elementor-content-grid e-flex e-con-boxed e-con e-parent\" data-id=\"dba7039\" data-element_type=\"container\" data-e-type=\"container\">\n\t\t\t\t\t<div class=\"e-con-inner\">\n\t\t<div class=\"elementor-element elementor-element-06ff34e e-con-full e-flex e-con e-child\" data-id=\"06ff34e\" data-element_type=\"container\" data-e-type=\"container\">\n\t\t\t\t<div class=\"elementor-element elementor-element-cf8b8e0 elementor-widget elementor-widget-mediteraneo_core_section_title\" data-id=\"cf8b8e0\" data-element_type=\"widget\" data-e-type=\"widget\" data-widget_type=\"mediteraneo_core_section_title.default\">\n\t\t\t\t<div class=\"elementor-widget-container\">\n\t\t\t\t\t<div class=\"qodef-shortcode qodef-m  qodef-section-title qodef-custom-font-921 qodef-alignment--left qodef-show-decoration--no \">\n\t\t\t<h1 class=\"qodef-m-title\" style=\"font-size: 62px;line-height: 70px\">\n\t\t\t\t\tNascht-Krippe<br> Differdange\t\t\t<\/h1>\n\t\t<\/div>\n\t\t\t\t<\/div>\n\t\t\t\t<\/div>\n\t\t\t\t<div class=\"elementor-element elementor-element-3c14761 elementor-widget elementor-widget-spacer\" data-id=\"3c14761\" data-element_type=\"widget\" data-e-type=\"widget\" data-widget_type=\"spacer.default\">\n\t\t\t\t\t\t\t<div class=\"elementor-spacer\">\n\t\t\t<div class=\"elementor-spacer-inner\"><\/div>\n\t\t<\/div>\n\t\t\t\t\t\t<\/div>\n\t\t\t\t<div class=\"elementor-element elementor-element-d69c4e7 elementor-widget__width-initial elementor-widget-tablet__width-initial elementor-widget-mobile__width-initial elementor-widget elementor-widget-mediteraneo_core_link_item\" data-id=\"d69c4e7\" data-element_type=\"widget\" data-e-type=\"widget\" data-widget_type=\"mediteraneo_core_link_item.default\">\n\t\t\t\t<div class=\"elementor-widget-container\">\n\t\t\t\t\t<div class=\"qodef-link-item qodef-alignment--left\" >\n\t<p class=\"qodef-e-title\" >\n\t\t\t\t\t<a itemprop=\"url\" href=\"https:\/\/maps.app.goo.gl\/mnvkXjczHt28cQ1D9\" target=\"_blank\">\n\t\t\t\t\t<span class=\"qodef-e-title-inner\">\n\t\t\t\t<span class=\"qodef-e-title-text\">162 rue de Soleuvre 4670 DIFFERDANGE <\/span>\n\t\t\t<\/span>\n\t\t\t\t\t<\/a>\n\t\t\t<\/p>\n<\/div>\n\t\t\t\t<\/div>\n\t\t\t\t<\/div>\n\t\t<div class=\"elementor-element elementor-element-02ec811 e-con-full e-flex e-con e-child\" data-id=\"02ec811\" data-element_type=\"container\" data-e-type=\"container\">\n\t\t\t\t<div class=\"elementor-element elementor-element-4badc7a tag-phone-nursery-nascht tag-phone-nursery-nascht--second elementor-widget elementor-widget-text-editor\" data-id=\"4badc7a\" data-element_type=\"widget\" data-e-type=\"widget\" data-widget_type=\"text-editor.default\">\n\t\t\t\t\t\t\t\t\t<p>Direktion<\/p>\t\t\t\t\t\t\t\t<\/div>\n\t\t\t\t<div class=\"elementor-element elementor-element-b261b09 elementor-widget__width-auto phone-nursery-nascht elementor-widget elementor-widget-mediteraneo_core_link_item\" data-id=\"b261b09\" data-element_type=\"widget\" data-e-type=\"widget\" data-widget_type=\"mediteraneo_core_link_item.default\">\n\t\t\t\t<div class=\"elementor-widget-container\">\n\t\t\t\t\t<div class=\"qodef-link-item qodef-alignment--center\" >\n\t<p class=\"qodef-e-title\" >\n\t\t\t\t\t<a itemprop=\"url\" href=\"tel:+352691595665\" target=\"_blank\">\n\t\t\t\t\t<span class=\"qodef-e-title-inner\">\n\t\t\t\t<span class=\"qodef-e-title-text\">(+352) 691 595 665<\/span>\n\t\t\t<\/span>\n\t\t\t\t\t<\/a>\n\t\t\t<\/p>\n<\/div>\n\t\t\t\t<\/div>\n\t\t\t\t<\/div>\n\t\t\t\t<\/div>\n\t\t\t\t<div class=\"elementor-element elementor-element-88ddba3 elementor-widget__width-auto elementor-widget elementor-widget-mediteraneo_core_link_item\" data-id=\"88ddba3\" data-element_type=\"widget\" data-e-type=\"widget\" data-widget_type=\"mediteraneo_core_link_item.default\">\n\t\t\t\t<div class=\"elementor-widget-container\">\n\t\t\t\t\t<div class=\"qodef-link-item qodef-alignment--left\" >\n\t<p class=\"qodef-e-title\" >\n\t\t\t\t\t<a itemprop=\"url\" href=\"\" target=\"_blank\">\n\t\t\t\t\t<span class=\"qodef-e-title-inner\">\n\t\t\t\t<span class=\"qodef-e-title-text\">differdange@nascht.lu<\/span>\n\t\t\t<\/span>\n\t\t\t\t\t<\/a>\n\t\t\t<\/p>\n<\/div>\n\t\t\t\t<\/div>\n\t\t\t\t<\/div>\n\t\t\t\t<\/div>\n\t\t<div class=\"elementor-element elementor-element-8f3d71c e-con-full e-flex e-con e-child\" data-id=\"8f3d71c\" data-element_type=\"container\" data-e-type=\"container\">\n\t\t\t\t<div class=\"elementor-element elementor-element-99d4718 elementor-widget-mobile__width-initial elementor-widget__width-initial elementor-widget elementor-widget-mediteraneo_core_single_image\" data-id=\"99d4718\" data-element_type=\"widget\" data-e-type=\"widget\" data-widget_type=\"mediteraneo_core_single_image.default\">\n\t\t\t\t<div class=\"elementor-widget-container\">\n\t\t\t\t\t<div class=\"qodef-shortcode qodef-m  qodef-single-image   qodef-layout--default qodef-scroll-item  qodef-alignment--left\">\n\t\t\t<div class=\"qodef-m-image\">\n\t\t\t\t\t\t\t\t<img fetchpriority=\"high\" decoding=\"async\" width=\"473\" height=\"561\" src=\"https:\/\/www.nascht.lu\/wp-content\/uploads\/2026\/02\/creche-nascht-differdange-interieur-arc-de-cercle.png\" class=\"attachment-full size-full\" alt=\"\" srcset=\"https:\/\/www.nascht.lu\/wp-content\/uploads\/2026\/02\/creche-nascht-differdange-interieur-arc-de-cercle.png 473w, https:\/\/www.nascht.lu\/wp-content\/uploads\/2026\/02\/creche-nascht-differdange-interieur-arc-de-cercle-253x300.png 253w\" sizes=\"(max-width: 473px) 100vw, 473px\" \/>\t\t\t\t\t\t\t<\/div>\n\t<\/div>\n\t\t\t\t<\/div>\n\t\t\t\t<\/div>\n\t\t\t\t<div class=\"elementor-element elementor-element-752b187 elementor-absolute e-transform elementor-invisible elementor-widget elementor-widget-image\" data-id=\"752b187\" data-element_type=\"widget\" data-e-type=\"widget\" data-settings=\"{&quot;_position&quot;:&quot;absolute&quot;,&quot;_animation&quot;:&quot;rollIn&quot;,&quot;_transform_rotateZ_effect&quot;:{&quot;unit&quot;:&quot;px&quot;,&quot;size&quot;:0,&quot;sizes&quot;:[]},&quot;motion_fx_motion_fx_scrolling&quot;:&quot;yes&quot;,&quot;motion_fx_rotateZ_effect&quot;:&quot;yes&quot;,&quot;motion_fx_rotateZ_speed&quot;:{&quot;unit&quot;:&quot;px&quot;,&quot;size&quot;:5,&quot;sizes&quot;:[]},&quot;motion_fx_rotateZ_affectedRange&quot;:{&quot;unit&quot;:&quot;%&quot;,&quot;size&quot;:&quot;&quot;,&quot;sizes&quot;:{&quot;start&quot;:0,&quot;end&quot;:100}},&quot;motion_fx_devices&quot;:[&quot;desktop&quot;,&quot;tablet&quot;,&quot;mobile&quot;],&quot;_transform_rotateZ_effect_tablet&quot;:{&quot;unit&quot;:&quot;deg&quot;,&quot;size&quot;:&quot;&quot;,&quot;sizes&quot;:[]},&quot;_transform_rotateZ_effect_mobile&quot;:{&quot;unit&quot;:&quot;deg&quot;,&quot;size&quot;:&quot;&quot;,&quot;sizes&quot;:[]}}\" data-widget_type=\"image.default\">\n\t\t\t\t\t\t\t\t\t\t\t\t\t\t\t<img decoding=\"async\" width=\"300\" height=\"300\" src=\"https:\/\/www.nascht.lu\/wp-content\/uploads\/2024\/06\/icon-lndp-pink-03.png\" class=\"attachment-full size-full wp-image-19625\" alt=\"\" srcset=\"https:\/\/www.nascht.lu\/wp-content\/uploads\/2024\/06\/icon-lndp-pink-03.png 300w, https:\/\/www.nascht.lu\/wp-content\/uploads\/2024\/06\/icon-lndp-pink-03-150x150.png 150w, https:\/\/www.nascht.lu\/wp-content\/uploads\/2024\/06\/icon-lndp-pink-03-100x100.png 100w\" sizes=\"(max-width: 300px) 100vw, 300px\" \/>\t\t\t\t\t\t\t\t\t\t\t\t\t\t\t<\/div>\n\t\t\t\t<\/div>\n\t\t<div class=\"elementor-element elementor-element-d80656b e-con-full e-flex e-con e-child\" data-id=\"d80656b\" data-element_type=\"container\" data-e-type=\"container\">\n\t\t\t\t<div class=\"elementor-element elementor-element-86e3f87 elementor-widget__width-initial elementor-widget-tablet__width-initial elementor-widget-mobile__width-initial elementor-widget elementor-widget-mediteraneo_core_section_title\" data-id=\"86e3f87\" data-element_type=\"widget\" data-e-type=\"widget\" data-widget_type=\"mediteraneo_core_section_title.default\">\n\t\t\t\t<div class=\"elementor-widget-container\">\n\t\t\t\t\t<div class=\"qodef-shortcode qodef-m  qodef-section-title qodef-custom-font-937 qodef-alignment--center qodef-show-decoration--no \">\n\t\t\t<h4 class=\"qodef-m-title\" >\n\t\t\t\t\t\u00d6ffnungszeiten\t\t\t<\/h4>\n\t\t<p class=\"qodef-m-text\" style=\"margin-top: 20px\">Montag bis Freitag<\/p>\n\t<\/div>\n\t\t\t\t<\/div>\n\t\t\t\t<\/div>\n\t\t\t\t<div class=\"elementor-element elementor-element-40ac594 elementor-widget__width-initial elementor-widget-tablet__width-initial elementor-widget-mobile__width-initial elementor-widget elementor-widget-mediteraneo_core_section_title\" data-id=\"40ac594\" data-element_type=\"widget\" data-e-type=\"widget\" data-widget_type=\"mediteraneo_core_section_title.default\">\n\t\t\t\t<div class=\"elementor-widget-container\">\n\t\t\t\t\t<div class=\"qodef-shortcode qodef-m  qodef-section-title qodef-custom-font-671 qodef-alignment--center qodef-show-decoration--no \">\n\t\t\t\t<p class=\"qodef-m-text\" style=\"margin-top: 0px\">von 05:30 bis 20:30 Uhr<\/p>\n\t<\/div>\n\t\t\t\t<\/div>\n\t\t\t\t<\/div>\n\t\t\t\t<\/div>\n\t\t\t\t\t<\/div>\n\t\t\t\t<\/div>\n\t\t<div class=\"elementor-element elementor-element-e8c34cd e-con-full qodef-elementor-content-grid e-flex e-con e-parent\" data-id=\"e8c34cd\" data-element_type=\"container\" data-e-type=\"container\">\n\t\t<div class=\"elementor-element elementor-element-209ca66 e-con-full e-flex e-con e-child\" data-id=\"209ca66\" data-element_type=\"container\" data-e-type=\"container\">\n\t\t<div class=\"elementor-element elementor-element-207634e e-con-full e-flex e-con e-child\" data-id=\"207634e\" data-element_type=\"container\" data-e-type=\"container\">\n\t\t\t\t<div class=\"elementor-element elementor-element-a8ff60e elementor-absolute elementor-widget elementor-widget-image\" data-id=\"a8ff60e\" data-element_type=\"widget\" data-e-type=\"widget\" data-settings=\"{&quot;_position&quot;:&quot;absolute&quot;,&quot;motion_fx_motion_fx_scrolling&quot;:&quot;yes&quot;,&quot;motion_fx_translateY_effect&quot;:&quot;yes&quot;,&quot;motion_fx_translateY_speed&quot;:{&quot;unit&quot;:&quot;px&quot;,&quot;size&quot;:4,&quot;sizes&quot;:[]},&quot;motion_fx_translateY_affectedRange&quot;:{&quot;unit&quot;:&quot;%&quot;,&quot;size&quot;:&quot;&quot;,&quot;sizes&quot;:{&quot;start&quot;:0,&quot;end&quot;:100}},&quot;motion_fx_devices&quot;:[&quot;desktop&quot;,&quot;tablet&quot;,&quot;mobile&quot;]}\" data-widget_type=\"image.default\">\n\t\t\t\t\t\t\t\t\t\t\t\t\t\t\t<img decoding=\"async\" width=\"300\" height=\"300\" src=\"https:\/\/www.nascht.lu\/wp-content\/uploads\/2024\/06\/icon-lndp-yellow-04.png\" class=\"attachment-medium size-medium wp-image-19661\" alt=\"\" srcset=\"https:\/\/www.nascht.lu\/wp-content\/uploads\/2024\/06\/icon-lndp-yellow-04.png 300w, https:\/\/www.nascht.lu\/wp-content\/uploads\/2024\/06\/icon-lndp-yellow-04-150x150.png 150w, https:\/\/www.nascht.lu\/wp-content\/uploads\/2024\/06\/icon-lndp-yellow-04-100x100.png 100w\" sizes=\"(max-width: 300px) 100vw, 300px\" \/>\t\t\t\t\t\t\t\t\t\t\t\t\t\t\t<\/div>\n\t\t\t\t<div class=\"elementor-element elementor-element-20ccd6f elementor-widget__width-auto elementor-widget-mobile__width-inherit elementor-widget-tablet__width-auto elementor-widget elementor-widget-mediteraneo_core_single_image\" data-id=\"20ccd6f\" data-element_type=\"widget\" data-e-type=\"widget\" data-widget_type=\"mediteraneo_core_single_image.default\">\n\t\t\t\t<div class=\"elementor-widget-container\">\n\t\t\t\t\t<div class=\"qodef-shortcode qodef-m  qodef-single-image   qodef-layout--default qodef-scroll-item  qodef-alignment--left\">\n\t\t\t<div class=\"qodef-m-image\">\n\t\t\t\t\t\t\t\t<img loading=\"lazy\" decoding=\"async\" width=\"450\" height=\"610\" src=\"https:\/\/www.nascht.lu\/wp-content\/uploads\/2026\/02\/creche-nascht-differdange-2.jpg\" class=\"attachment-full size-full\" alt=\"\" srcset=\"https:\/\/www.nascht.lu\/wp-content\/uploads\/2026\/02\/creche-nascht-differdange-2.jpg 450w, https:\/\/www.nascht.lu\/wp-content\/uploads\/2026\/02\/creche-nascht-differdange-2-221x300.jpg 221w\" sizes=\"(max-width: 450px) 100vw, 450px\" \/>\t\t\t\t\t\t\t<\/div>\n\t<\/div>\n\t\t\t\t<\/div>\n\t\t\t\t<\/div>\n\t\t\t\t<div class=\"elementor-element elementor-element-676583e elementor-widget__width-auto elementor-widget-mobile__width-initial elementor-widget elementor-widget-mediteraneo_core_single_image\" data-id=\"676583e\" data-element_type=\"widget\" data-e-type=\"widget\" data-widget_type=\"mediteraneo_core_single_image.default\">\n\t\t\t\t<div class=\"elementor-widget-container\">\n\t\t\t\t\t<div class=\"qodef-shortcode qodef-m  qodef-single-image   qodef-layout--default qodef-scroll-item  qodef-alignment--left\">\n\t\t\t<div class=\"qodef-m-image\">\n\t\t\t\t\t\t\t\t<img loading=\"lazy\" decoding=\"async\" width=\"292\" height=\"328\" src=\"https:\/\/www.nascht.lu\/wp-content\/uploads\/2026\/04\/nico.gif\" class=\"attachment-full size-full\" alt=\"\" \/>\t\t\t\t\t\t\t<\/div>\n\t<\/div>\n\t\t\t\t<\/div>\n\t\t\t\t<\/div>\n\t\t\t\t<\/div>\n\t\t<div class=\"elementor-element elementor-element-320453d e-con-full e-flex e-con e-child\" data-id=\"320453d\" data-element_type=\"container\" data-e-type=\"container\">\n\t\t\t\t<div class=\"elementor-element elementor-element-cd92536 elementor-widget__width-initial elementor-widget-tablet__width-inherit elementor-widget elementor-widget-mediteraneo_core_section_title\" data-id=\"cd92536\" data-element_type=\"widget\" data-e-type=\"widget\" data-widget_type=\"mediteraneo_core_section_title.default\">\n\t\t\t\t<div class=\"elementor-widget-container\">\n\t\t\t\t\t<div class=\"qodef-shortcode qodef-m  qodef-section-title qodef-custom-font-708 qodef-alignment--left qodef-show-decoration--no \">\n\t\t\t<h2 class=\"qodef-m-title\" >\n\t\t\t\t\tUnsere Mission\t\t\t<\/h2>\n\t\t<p class=\"qodef-m-text\" >Vertrauen zu den Familien aufzubauen und zu erhalten, ist unsere Priorit\u00e4t.\nWir verpflichten uns, unterst\u00fctzende Partner zu sein, die sich um das Wohlbefinden und die Entfaltung der Kinder k\u00fcmmern.<\/p>\n\t\t<a class=\"qodef-shortcode qodef-m  qodef-button qodef-layout--filled  qodef-html--link\" href=\"https:\/\/www.nascht.lu\/de\/unsere-paedagogik\/\" target=\"_self\" data-hover-background-color=\"#FFFFFF\" style=\"background-color: #FFFFFF;margin: 37px 0px 0px\">\t<span class=\"qodef-m-text\">Mehr erfahren<\/span><\/a>\t<\/div>\n\t\t\t\t<\/div>\n\t\t\t\t<\/div>\n\t\t\t\t<\/div>\n\t\t\t\t<\/div>\n\t\t\t\t<\/div>\n\t\t<div class=\"elementor-element elementor-element-46395a8 e-con-full e-flex e-con e-parent\" data-id=\"46395a8\" data-element_type=\"container\" data-e-type=\"container\" data-settings=\"{&quot;background_background&quot;:&quot;classic&quot;}\">\n\t\t<div class=\"elementor-element elementor-element-a852e7f e-con-full e-flex e-con e-child\" data-id=\"a852e7f\" data-element_type=\"container\" data-e-type=\"container\" data-settings=\"{&quot;background_background&quot;:&quot;classic&quot;}\">\n\t\t\t\t<div class=\"elementor-element elementor-element-d9ccce6 elementor-widget elementor-widget-spacer\" data-id=\"d9ccce6\" data-element_type=\"widget\" data-e-type=\"widget\" data-widget_type=\"spacer.default\">\n\t\t\t\t\t\t\t<div class=\"elementor-spacer\">\n\t\t\t<div class=\"elementor-spacer-inner\"><\/div>\n\t\t<\/div>\n\t\t\t\t\t\t<\/div>\n\t\t\t\t<div class=\"elementor-element elementor-element-ecdcb13 elementor-widget elementor-widget-mediteraneo_core_section_title\" data-id=\"ecdcb13\" data-element_type=\"widget\" data-e-type=\"widget\" data-widget_type=\"mediteraneo_core_section_title.default\">\n\t\t\t\t<div class=\"elementor-widget-container\">\n\t\t\t\t\t<div class=\"qodef-shortcode qodef-m  qodef-section-title qodef-custom-font-474 qodef-alignment--center qodef-show-decoration--no \">\n\t\t\t<h2 class=\"qodef-m-title\" >\n\t\t\t\t\tZum Nest Kontakt aufnehmen\t\t\t<\/h2>\n\t\t<p class=\"qodef-m-text\" >F\u00fcllen Sie das Formular aus, um weitere Informationen zu erhalten und eine Einladung zur Besichtigung zu bekommen<\/p>\n\t\t<a class=\"qodef-shortcode qodef-m  qodef-button qodef-layout--filled  qodef-html--link\" href=\"https:\/\/www.nascht.lu\/de\/voranmeldung\/\" target=\"_self\" data-hover-background-color=\"#FFFFFF\" style=\"background-color: #FFFFFF\">\t<span class=\"qodef-m-text\">Kontaktieren Sie uns<\/span><\/a>\t<\/div>\n\t\t\t\t<\/div>\n\t\t\t\t<\/div>\n\t\t\t\t<div class=\"elementor-element elementor-element-227eee2 elementor-widget elementor-widget-spacer\" data-id=\"227eee2\" data-element_type=\"widget\" data-e-type=\"widget\" data-widget_type=\"spacer.default\">\n\t\t\t\t\t\t\t<div class=\"elementor-spacer\">\n\t\t\t<div class=\"elementor-spacer-inner\"><\/div>\n\t\t<\/div>\n\t\t\t\t\t\t<\/div>\n\t\t\t\t<\/div>\n\t\t<div class=\"elementor-element elementor-element-786add6 e-con-full elementor-hidden-mobile e-flex e-con e-child\" data-id=\"786add6\" data-element_type=\"container\" data-e-type=\"container\" data-settings=\"{&quot;background_background&quot;:&quot;classic&quot;,&quot;background_motion_fx_motion_fx_scrolling&quot;:&quot;yes&quot;,&quot;background_motion_fx_translateY_effect&quot;:&quot;yes&quot;,&quot;background_motion_fx_translateY_speed&quot;:{&quot;unit&quot;:&quot;px&quot;,&quot;size&quot;:0.5,&quot;sizes&quot;:[]},&quot;background_motion_fx_translateX_effect&quot;:&quot;yes&quot;,&quot;background_motion_fx_translateX_speed&quot;:{&quot;unit&quot;:&quot;px&quot;,&quot;size&quot;:0.5,&quot;sizes&quot;:[]},&quot;background_motion_fx_translateY_affectedRange&quot;:{&quot;unit&quot;:&quot;%&quot;,&quot;size&quot;:&quot;&quot;,&quot;sizes&quot;:{&quot;start&quot;:0,&quot;end&quot;:100}},&quot;background_motion_fx_translateX_affectedRange&quot;:{&quot;unit&quot;:&quot;%&quot;,&quot;size&quot;:&quot;&quot;,&quot;sizes&quot;:{&quot;start&quot;:0,&quot;end&quot;:100}},&quot;background_motion_fx_devices&quot;:[&quot;desktop&quot;,&quot;tablet&quot;,&quot;mobile&quot;]}\">\n\t\t\t\t<\/div>\n\t\t\t\t<\/div>\n\t\t<div class=\"elementor-element elementor-element-4cef0aa qodef-elementor-content-grid e-con-full e-flex e-con e-parent\" data-id=\"4cef0aa\" data-element_type=\"container\" data-e-type=\"container\" data-settings=\"{&quot;background_background&quot;:&quot;classic&quot;}\">\n\t\t<div class=\"elementor-element elementor-element-f1236a0 e-con-full e-flex e-con e-child\" data-id=\"f1236a0\" data-element_type=\"container\" data-e-type=\"container\">\n\t\t<div class=\"elementor-element elementor-element-5f2e83c e-con-full e-flex e-con e-child\" data-id=\"5f2e83c\" data-element_type=\"container\" data-e-type=\"container\" data-settings=\"{&quot;background_background&quot;:&quot;classic&quot;}\">\n\t\t\t\t<div class=\"elementor-element elementor-element-3997041 elementor-widget elementor-widget-mediteraneo_core_section_title\" data-id=\"3997041\" data-element_type=\"widget\" data-e-type=\"widget\" data-widget_type=\"mediteraneo_core_section_title.default\">\n\t\t\t\t<div class=\"elementor-widget-container\">\n\t\t\t\t\t<div class=\"qodef-shortcode qodef-m  qodef-section-title qodef-custom-font-893 qodef-alignment--center qodef-show-decoration--no \">\n\t\t\t<h3 class=\"qodef-m-title\" >\n\t\t\t\t\tNewsletter\t\t\t<\/h3>\n\t\t<p class=\"qodef-m-text\" style=\"margin-top: 15px\">Bleiben Sie informiert \u2013 machen Sie mit!<\/p>\n\t<\/div>\n\t\t\t\t<\/div>\n\t\t\t\t<\/div>\n\t\t\t\t<div class=\"elementor-element elementor-element-38734dc elementor-widget elementor-widget-wp-widget-mediteraneo_core_contact_form_7\" data-id=\"38734dc\" data-element_type=\"widget\" data-e-type=\"widget\" data-widget_type=\"wp-widget-mediteraneo_core_contact_form_7.default\">\n\t\t\t\t<div class=\"elementor-widget-container\">\n\t\t\t\t\t\t\t\t<div class=\"qodef-contact-form-7\">\n\t\t\t\t\n<div class=\"wpcf7 no-js\" id=\"wpcf7-f20544-o1\" lang=\"fr-FR\" dir=\"ltr\" data-wpcf7-id=\"20544\">\n<div class=\"screen-reader-response\"><p role=\"status\" aria-live=\"polite\" aria-atomic=\"true\"><\/p> <ul><\/ul><\/div>\n<form action=\"\/de\/wp-json\/wp\/v2\/pages\/22593#wpcf7-f20544-o1\" method=\"post\" class=\"wpcf7-form init demo cf7mls-no-scroll cf7mls-auto-return-first-step cf7mls-no-moving-animation\" aria-label=\"Formulaire de contact\" novalidate=\"novalidate\" data-status=\"init\">\n<fieldset class=\"hidden-fields-container\"><input type=\"hidden\" name=\"_wpcf7\" value=\"20544\" \/><input type=\"hidden\" name=\"_wpcf7_version\" value=\"6.1.5\" \/><input type=\"hidden\" name=\"_wpcf7_locale\" value=\"fr_FR\" \/><input type=\"hidden\" name=\"_wpcf7_unit_tag\" value=\"wpcf7-f20544-o1\" \/><input type=\"hidden\" name=\"_wpcf7_container_post\" value=\"0\" \/><input type=\"hidden\" name=\"_wpcf7_posted_data_hash\" value=\"\" \/>\n<\/fieldset>\n<div class=\"qodef-newsletter\"><label><span class=\"wpcf7-form-control-wrap\" data-name=\"your-email\"><input size=\"40\" maxlength=\"400\" class=\"wpcf7-form-control wpcf7-email wpcf7-validates-as-required wpcf7-text wpcf7-validates-as-email\" aria-required=\"true\" aria-invalid=\"false\" placeholder=\"Ihre E-Mail-Adresse\" value=\"\" type=\"email\" name=\"your-email\" \/><\/span><\/label><button class=\"wpcf7-form-control wpcf7-submit qodef-button qodef-size--normal qodef-layout--filled qodef-m\" type=\"submit\"><span class=\"qodef-m-text\">Senden<\/span><\/button><\/div><div class=\"wpcf7-response-output\" aria-hidden=\"true\"><\/div>\n<\/form>\n<\/div>\n\t\t\t<\/div>\n\t\t\t\t\t\t\t<\/div>\n\t\t\t\t<\/div>\n\t\t\t\t<\/div>\n\t\t<div class=\"elementor-element elementor-element-5ae5e58 e-con-full elementor-hidden-tablet elementor-hidden-mobile e-flex e-con e-child\" data-id=\"5ae5e58\" data-element_type=\"container\" data-e-type=\"container\">\n\t\t\t\t<div class=\"elementor-element elementor-element-7818f18 elementor-widget elementor-widget-mediteraneo_core_separator\" data-id=\"7818f18\" data-element_type=\"widget\" data-e-type=\"widget\" data-widget_type=\"mediteraneo_core_separator.default\">\n\t\t\t\t<div class=\"elementor-widget-container\">\n\t\t\t\t\t<div class=\"qodef-shortcode qodef-m  qodef-separator qodef--has-appear clear  qodef-show--yes qodef-show-1600--yes qodef-show-1512--yes qodef-show-1368--yes qodef-show-1200--yes qodef-show-1024--yes qodef-show-880--yes qodef-show-680--yes\">\n\t<div class=\"qodef-m-line\" style=\"border-style: solid;width: 1px;border-bottom-width: 100px\"><\/div>\n<\/div>\n\t\t\t\t<\/div>\n\t\t\t\t<\/div>\n\t\t\t\t<\/div>\n\t\t<div class=\"elementor-element elementor-element-55e951c e-con-full e-flex e-con e-child\" data-id=\"55e951c\" data-element_type=\"container\" data-e-type=\"container\">\n\t\t\t\t<div class=\"elementor-element elementor-element-bdbfd83 elementor-widget elementor-widget-mediteraneo_core_section_title\" data-id=\"bdbfd83\" data-element_type=\"widget\" data-e-type=\"widget\" data-widget_type=\"mediteraneo_core_section_title.default\">\n\t\t\t\t<div class=\"elementor-widget-container\">\n\t\t\t\t\t<div class=\"qodef-shortcode qodef-m  qodef-section-title qodef-custom-font-100 qodef-alignment--center qodef-show-decoration--no \">\n\t\t\t<h3 class=\"qodef-m-title\" >\n\t\t\t\t\tTr\u00e4umen, wachsen, durchstarten\t\t\t<\/h3>\n\t\t<p class=\"qodef-m-text\" style=\"margin-top: 15px\">Nascht \u2013 Ihr Partner f\u00fcr die fr\u00fche Kindheit.<\/p>\n\t<\/div>\n\t\t\t\t<\/div>\n\t\t\t\t<\/div>\n\t\t\t\t<\/div>\n\t\t\t\t<\/div>\n\t\t\t\t<\/div>\n\t\t\t\t<\/div>\n\t\t","protected":false},"excerpt":{"rendered":"<p>Nascht-Krippe Differdange 162 rue de Soleuvre 4670 DIFFERDANGE Direktion (+352) 691 595 665 differdange@nascht.lu \u00d6ffnungszeiten Montag bis Freitag von 05:30 bis 20:30 Uhr Unsere Mission Vertrauen zu den Familien aufzubauen und zu erhalten, ist unsere Priorit\u00e4t. Wir verpflichten uns, unterst\u00fctzende Partner zu sein, die sich um das Wohlbefinden und die Entfaltung der Kinder k\u00fcmmern. Mehr [&hellip;]<\/p>\n","protected":false},"author":1,"featured_media":0,"parent":0,"menu_order":0,"comment_status":"closed","ping_status":"closed","template":"page-full-width.php","meta":{"footnotes":""},"class_list":["post-22593","page","type-page","status-publish","hentry"],"aioseo_notices":[],"_links":{"self":[{"href":"https:\/\/www.nascht.lu\/de\/wp-json\/wp\/v2\/pages\/22593","targetHints":{"allow":["GET"]}}],"collection":[{"href":"https:\/\/www.nascht.lu\/de\/wp-json\/wp\/v2\/pages"}],"about":[{"href":"https:\/\/www.nascht.lu\/de\/wp-json\/wp\/v2\/types\/page"}],"author":[{"embeddable":true,"href":"https:\/\/www.nascht.lu\/de\/wp-json\/wp\/v2\/users\/1"}],"replies":[{"embeddable":true,"href":"https:\/\/www.nascht.lu\/de\/wp-json\/wp\/v2\/comments?post=22593"}],"version-history":[{"count":16,"href":"https:\/\/www.nascht.lu\/de\/wp-json\/wp\/v2\/pages\/22593\/revisions"}],"predecessor-version":[{"id":22926,"href":"https:\/\/www.nascht.lu\/de\/wp-json\/wp\/v2\/pages\/22593\/revisions\/22926"}],"wp:attachment":[{"href":"https:\/\/www.nascht.lu\/de\/wp-json\/wp\/v2\/media?parent=22593"}],"curies":[{"name":"wp","href":"https:\/\/api.w.org\/{rel}","templated":true}]}}