{"id":22945,"date":"2026-04-03T15:26:04","date_gmt":"2026-04-03T13:26:04","guid":{"rendered":"https:\/\/www.nascht.lu\/?page_id=22945"},"modified":"2026-04-03T17:02:24","modified_gmt":"2026-04-03T15:02:24","slug":"nascht-tagesstaette-lamadeleine","status":"publish","type":"page","link":"https:\/\/www.nascht.lu\/de\/nascht-tagesstaette-lamadeleine\/","title":{"rendered":"Nascht-Tagesst\u00e4tte Lamadeleine"},"content":{"rendered":"\t\t<div data-elementor-type=\"wp-page\" data-elementor-id=\"22945\" class=\"elementor elementor-22945 elementor-22827\" data-elementor-post-type=\"page\">\n\t\t\t\t<div class=\"elementor-element elementor-element-dba7039 qodef-elementor-content-grid e-flex e-con-boxed e-con e-parent\" data-id=\"dba7039\" data-element_type=\"container\" data-e-type=\"container\">\n\t\t\t\t\t<div class=\"e-con-inner\">\n\t\t<div class=\"elementor-element elementor-element-06ff34e e-con-full e-flex e-con e-child\" data-id=\"06ff34e\" data-element_type=\"container\" data-e-type=\"container\">\n\t\t\t\t<div class=\"elementor-element elementor-element-cf8b8e0 elementor-widget elementor-widget-mediteraneo_core_section_title\" data-id=\"cf8b8e0\" data-element_type=\"widget\" data-e-type=\"widget\" data-widget_type=\"mediteraneo_core_section_title.default\">\n\t\t\t\t<div class=\"elementor-widget-container\">\n\t\t\t\t\t<div class=\"qodef-shortcode qodef-m  qodef-section-title qodef-custom-font-871 qodef-alignment--left qodef-show-decoration--no \">\n\t\t\t<h1 class=\"qodef-m-title\" style=\"font-size: 60px;line-height: 65px\">\n\t\t\t\t\tNascht-Tagesst\u00e4tte Lamadeleine\t\t\t<\/h1>\n\t\t<\/div>\n\t\t\t\t<\/div>\n\t\t\t\t<\/div>\n\t\t\t\t<div class=\"elementor-element elementor-element-3c14761 elementor-widget elementor-widget-spacer\" data-id=\"3c14761\" data-element_type=\"widget\" data-e-type=\"widget\" data-widget_type=\"spacer.default\">\n\t\t\t\t\t\t\t<div class=\"elementor-spacer\">\n\t\t\t<div class=\"elementor-spacer-inner\"><\/div>\n\t\t<\/div>\n\t\t\t\t\t\t<\/div>\n\t\t\t\t<div class=\"elementor-element elementor-element-d69c4e7 elementor-widget__width-initial elementor-widget-tablet__width-initial elementor-widget-mobile__width-initial elementor-widget elementor-widget-mediteraneo_core_link_item\" data-id=\"d69c4e7\" data-element_type=\"widget\" data-e-type=\"widget\" data-widget_type=\"mediteraneo_core_link_item.default\">\n\t\t\t\t<div class=\"elementor-widget-container\">\n\t\t\t\t\t<div class=\"qodef-link-item qodef-alignment--left\" >\n\t<p class=\"qodef-e-title\" >\n\t\t\t\t\t<a itemprop=\"url\" href=\"https:\/\/share.google\/iCsv7uUyaF3GzdmBy\" target=\"_blank\">\n\t\t\t\t\t<span class=\"qodef-e-title-inner\">\n\t\t\t\t<span class=\"qodef-e-title-text\">15, rue Neuve L-4884 LAMADELAINE<\/span>\n\t\t\t<\/span>\n\t\t\t\t\t<\/a>\n\t\t\t<\/p>\n<\/div>\n\t\t\t\t<\/div>\n\t\t\t\t<\/div>\n\t\t<div class=\"elementor-element elementor-element-5eade59 e-con-full e-flex e-con e-child\" data-id=\"5eade59\" data-element_type=\"container\" data-e-type=\"container\">\n\t\t\t\t<div class=\"elementor-element elementor-element-8ac435f tag-phone-nursery-nascht tag-phone-nursery-nascht--second elementor-widget elementor-widget-text-editor\" data-id=\"8ac435f\" data-element_type=\"widget\" data-e-type=\"widget\" data-widget_type=\"text-editor.default\">\n\t\t\t\t\t\t\t\t\t<p>Direction<\/p>\t\t\t\t\t\t\t\t<\/div>\n\t\t\t\t<div class=\"elementor-element elementor-element-3405938 elementor-widget__width-auto phone-nursery-nascht elementor-widget elementor-widget-mediteraneo_core_link_item\" data-id=\"3405938\" data-element_type=\"widget\" data-e-type=\"widget\" data-widget_type=\"mediteraneo_core_link_item.default\">\n\t\t\t\t<div class=\"elementor-widget-container\">\n\t\t\t\t\t<div class=\"qodef-link-item qodef-alignment--center\" >\n\t<p class=\"qodef-e-title\" >\n\t\t\t\t\t<a itemprop=\"url\" href=\"tel:+3522868581\" target=\"_blank\">\n\t\t\t\t\t<span class=\"qodef-e-title-inner\">\n\t\t\t\t<span class=\"qodef-e-title-text\">(+352) 28 68 58 1<\/span>\n\t\t\t<\/span>\n\t\t\t\t\t<\/a>\n\t\t\t<\/p>\n<\/div>\n\t\t\t\t<\/div>\n\t\t\t\t<\/div>\n\t\t\t\t<\/div>\n\t\t\t\t<div class=\"elementor-element elementor-element-88ddba3 elementor-widget__width-auto elementor-widget elementor-widget-mediteraneo_core_link_item\" data-id=\"88ddba3\" data-element_type=\"widget\" data-e-type=\"widget\" data-widget_type=\"mediteraneo_core_link_item.default\">\n\t\t\t\t<div class=\"elementor-widget-container\">\n\t\t\t\t\t<div class=\"qodef-link-item qodef-alignment--left\" >\n\t<p class=\"qodef-e-title\" >\n\t\t\t\t\t<a itemprop=\"url\" href=\"\" target=\"_blank\">\n\t\t\t\t\t<span class=\"qodef-e-title-inner\">\n\t\t\t\t<span class=\"qodef-e-title-text\">lamadeleine@nascht.lu<\/span>\n\t\t\t<\/span>\n\t\t\t\t\t<\/a>\n\t\t\t<\/p>\n<\/div>\n\t\t\t\t<\/div>\n\t\t\t\t<\/div>\n\t\t\t\t<\/div>\n\t\t<div class=\"elementor-element elementor-element-8f3d71c e-con-full e-flex e-con e-child\" data-id=\"8f3d71c\" data-element_type=\"container\" data-e-type=\"container\">\n\t\t\t\t<div class=\"elementor-element elementor-element-99d4718 elementor-widget-mobile__width-initial elementor-widget__width-initial elementor-widget elementor-widget-mediteraneo_core_single_image\" data-id=\"99d4718\" data-element_type=\"widget\" data-e-type=\"widget\" data-widget_type=\"mediteraneo_core_single_image.default\">\n\t\t\t\t<div class=\"elementor-widget-container\">\n\t\t\t\t\t<div class=\"qodef-shortcode qodef-m  qodef-single-image   qodef-layout--default qodef-scroll-item  qodef-alignment--left\">\n\t\t\t<div class=\"qodef-m-image\">\n\t\t\t\t\t\t\t\t<img fetchpriority=\"high\" decoding=\"async\" width=\"473\" height=\"561\" src=\"https:\/\/www.nascht.lu\/wp-content\/uploads\/2026\/04\/15.png\" class=\"attachment-full size-full\" alt=\"\" srcset=\"https:\/\/www.nascht.lu\/wp-content\/uploads\/2026\/04\/15.png 473w, https:\/\/www.nascht.lu\/wp-content\/uploads\/2026\/04\/15-253x300.png 253w\" sizes=\"(max-width: 473px) 100vw, 473px\" \/>\t\t\t\t\t\t\t<\/div>\n\t<\/div>\n\t\t\t\t<\/div>\n\t\t\t\t<\/div>\n\t\t\t\t<div class=\"elementor-element elementor-element-752b187 elementor-absolute e-transform elementor-invisible elementor-widget elementor-widget-image\" data-id=\"752b187\" data-element_type=\"widget\" data-e-type=\"widget\" data-settings=\"{&quot;_position&quot;:&quot;absolute&quot;,&quot;_animation&quot;:&quot;rollIn&quot;,&quot;_transform_rotateZ_effect&quot;:{&quot;unit&quot;:&quot;px&quot;,&quot;size&quot;:0,&quot;sizes&quot;:[]},&quot;motion_fx_motion_fx_scrolling&quot;:&quot;yes&quot;,&quot;motion_fx_rotateZ_effect&quot;:&quot;yes&quot;,&quot;motion_fx_rotateZ_speed&quot;:{&quot;unit&quot;:&quot;px&quot;,&quot;size&quot;:5,&quot;sizes&quot;:[]},&quot;motion_fx_rotateZ_affectedRange&quot;:{&quot;unit&quot;:&quot;%&quot;,&quot;size&quot;:&quot;&quot;,&quot;sizes&quot;:{&quot;start&quot;:0,&quot;end&quot;:100}},&quot;motion_fx_devices&quot;:[&quot;desktop&quot;,&quot;tablet&quot;,&quot;mobile&quot;],&quot;_transform_rotateZ_effect_tablet&quot;:{&quot;unit&quot;:&quot;deg&quot;,&quot;size&quot;:&quot;&quot;,&quot;sizes&quot;:[]},&quot;_transform_rotateZ_effect_mobile&quot;:{&quot;unit&quot;:&quot;deg&quot;,&quot;size&quot;:&quot;&quot;,&quot;sizes&quot;:[]}}\" data-widget_type=\"image.default\">\n\t\t\t\t\t\t\t\t\t\t\t\t\t\t\t<img decoding=\"async\" width=\"300\" height=\"300\" src=\"https:\/\/www.nascht.lu\/wp-content\/uploads\/2024\/06\/icon-lndp-09.png\" class=\"attachment-full size-full wp-image-19544\" alt=\"\" srcset=\"https:\/\/www.nascht.lu\/wp-content\/uploads\/2024\/06\/icon-lndp-09.png 300w, https:\/\/www.nascht.lu\/wp-content\/uploads\/2024\/06\/icon-lndp-09-150x150.png 150w, https:\/\/www.nascht.lu\/wp-content\/uploads\/2024\/06\/icon-lndp-09-100x100.png 100w\" sizes=\"(max-width: 300px) 100vw, 300px\" \/>\t\t\t\t\t\t\t\t\t\t\t\t\t\t\t<\/div>\n\t\t\t\t<\/div>\n\t\t<div class=\"elementor-element elementor-element-d80656b e-con-full e-flex e-con e-child\" data-id=\"d80656b\" data-element_type=\"container\" data-e-type=\"container\">\n\t\t\t\t<div class=\"elementor-element elementor-element-86e3f87 elementor-widget__width-initial elementor-widget-tablet__width-initial elementor-widget-mobile__width-initial elementor-widget elementor-widget-mediteraneo_core_section_title\" data-id=\"86e3f87\" data-element_type=\"widget\" data-e-type=\"widget\" data-widget_type=\"mediteraneo_core_section_title.default\">\n\t\t\t\t<div class=\"elementor-widget-container\">\n\t\t\t\t\t<div class=\"qodef-shortcode qodef-m  qodef-section-title qodef-custom-font-233 qodef-alignment--center qodef-show-decoration--no \">\n\t\t\t<h4 class=\"qodef-m-title\" >\n\t\t\t\t\t\u00d6ffnungszeiten\t\t\t<\/h4>\n\t\t<p class=\"qodef-m-text\" style=\"margin-top: 20px\">Montag bis Freitag<\/p>\n\t<\/div>\n\t\t\t\t<\/div>\n\t\t\t\t<\/div>\n\t\t\t\t<div class=\"elementor-element elementor-element-40ac594 elementor-widget__width-initial elementor-widget-tablet__width-initial elementor-widget-mobile__width-initial elementor-widget elementor-widget-mediteraneo_core_section_title\" data-id=\"40ac594\" data-element_type=\"widget\" data-e-type=\"widget\" data-widget_type=\"mediteraneo_core_section_title.default\">\n\t\t\t\t<div class=\"elementor-widget-container\">\n\t\t\t\t\t<div class=\"qodef-shortcode qodef-m  qodef-section-title qodef-custom-font-205 qodef-alignment--center qodef-show-decoration--no \">\n\t\t\t\t<p class=\"qodef-m-text\" style=\"margin-top: 0px\">von 06:00 bis 20:00 Uhr<\/p>\n\t<\/div>\n\t\t\t\t<\/div>\n\t\t\t\t<\/div>\n\t\t\t\t<\/div>\n\t\t\t\t\t<\/div>\n\t\t\t\t<\/div>\n\t\t<div class=\"elementor-element elementor-element-acc066b e-con-full qodef-elementor-content-grid e-flex e-con e-parent\" data-id=\"acc066b\" data-element_type=\"container\" data-e-type=\"container\">\n\t\t<div class=\"elementor-element elementor-element-e0502a9 e-con-full e-flex e-con e-child\" data-id=\"e0502a9\" data-element_type=\"container\" data-e-type=\"container\">\n\t\t<div class=\"elementor-element elementor-element-2b51aad e-con-full e-flex e-con e-child\" data-id=\"2b51aad\" data-element_type=\"container\" data-e-type=\"container\">\n\t\t\t\t<div class=\"elementor-element elementor-element-436caad elementor-absolute elementor-widget elementor-widget-image\" data-id=\"436caad\" data-element_type=\"widget\" data-e-type=\"widget\" data-settings=\"{&quot;_position&quot;:&quot;absolute&quot;,&quot;motion_fx_motion_fx_scrolling&quot;:&quot;yes&quot;,&quot;motion_fx_translateY_effect&quot;:&quot;yes&quot;,&quot;motion_fx_translateY_speed&quot;:{&quot;unit&quot;:&quot;px&quot;,&quot;size&quot;:4,&quot;sizes&quot;:[]},&quot;motion_fx_translateY_affectedRange&quot;:{&quot;unit&quot;:&quot;%&quot;,&quot;size&quot;:&quot;&quot;,&quot;sizes&quot;:{&quot;start&quot;:0,&quot;end&quot;:100}},&quot;motion_fx_devices&quot;:[&quot;desktop&quot;,&quot;tablet&quot;,&quot;mobile&quot;]}\" data-widget_type=\"image.default\">\n\t\t\t\t\t\t\t\t\t\t\t\t\t\t\t<img decoding=\"async\" width=\"300\" height=\"300\" src=\"https:\/\/www.nascht.lu\/wp-content\/uploads\/2024\/06\/icon-lndp-blue-03.png\" class=\"attachment-medium size-medium wp-image-19559\" alt=\"\" srcset=\"https:\/\/www.nascht.lu\/wp-content\/uploads\/2024\/06\/icon-lndp-blue-03.png 300w, https:\/\/www.nascht.lu\/wp-content\/uploads\/2024\/06\/icon-lndp-blue-03-150x150.png 150w, https:\/\/www.nascht.lu\/wp-content\/uploads\/2024\/06\/icon-lndp-blue-03-100x100.png 100w\" sizes=\"(max-width: 300px) 100vw, 300px\" \/>\t\t\t\t\t\t\t\t\t\t\t\t\t\t\t<\/div>\n\t\t\t\t<div class=\"elementor-element elementor-element-c867354 elementor-widget__width-auto elementor-widget-mobile__width-inherit elementor-widget-tablet__width-auto elementor-widget elementor-widget-mediteraneo_core_single_image\" data-id=\"c867354\" data-element_type=\"widget\" data-e-type=\"widget\" data-widget_type=\"mediteraneo_core_single_image.default\">\n\t\t\t\t<div class=\"elementor-widget-container\">\n\t\t\t\t\t<div class=\"qodef-shortcode qodef-m  qodef-single-image   qodef-layout--default qodef-scroll-item  qodef-alignment--left\">\n\t\t\t<div class=\"qodef-m-image\">\n\t\t\t\t\t\t\t\t<img loading=\"lazy\" decoding=\"async\" width=\"450\" height=\"610\" src=\"https:\/\/www.nascht.lu\/wp-content\/uploads\/2026\/04\/450x610-Photo-site-web-5.jpg\" class=\"attachment-full size-full\" alt=\"\" srcset=\"https:\/\/www.nascht.lu\/wp-content\/uploads\/2026\/04\/450x610-Photo-site-web-5.jpg 450w, https:\/\/www.nascht.lu\/wp-content\/uploads\/2026\/04\/450x610-Photo-site-web-5-221x300.jpg 221w\" sizes=\"(max-width: 450px) 100vw, 450px\" \/>\t\t\t\t\t\t\t<\/div>\n\t<\/div>\n\t\t\t\t<\/div>\n\t\t\t\t<\/div>\n\t\t\t\t<div class=\"elementor-element elementor-element-3e7b5f6 elementor-widget__width-auto elementor-widget-mobile__width-initial elementor-widget elementor-widget-mediteraneo_core_single_image\" data-id=\"3e7b5f6\" data-element_type=\"widget\" data-e-type=\"widget\" data-widget_type=\"mediteraneo_core_single_image.default\">\n\t\t\t\t<div class=\"elementor-widget-container\">\n\t\t\t\t\t<div class=\"qodef-shortcode qodef-m  qodef-single-image   qodef-layout--default qodef-scroll-item  qodef-alignment--left\">\n\t\t\t<div class=\"qodef-m-image\">\n\t\t\t\t\t\t\t\t<img loading=\"lazy\" decoding=\"async\" width=\"292\" height=\"328\" src=\"https:\/\/www.nascht.lu\/wp-content\/uploads\/2026\/04\/292-x-328-Gif-site-web-1.gif\" class=\"attachment-full size-full\" alt=\"\" \/>\t\t\t\t\t\t\t<\/div>\n\t<\/div>\n\t\t\t\t<\/div>\n\t\t\t\t<\/div>\n\t\t\t\t<\/div>\n\t\t<div class=\"elementor-element elementor-element-81e5a82 e-con-full e-flex e-con e-child\" data-id=\"81e5a82\" data-element_type=\"container\" data-e-type=\"container\">\n\t\t\t\t<div class=\"elementor-element elementor-element-19f1b71 elementor-widget__width-initial elementor-widget-tablet__width-inherit elementor-widget elementor-widget-mediteraneo_core_section_title\" data-id=\"19f1b71\" data-element_type=\"widget\" data-e-type=\"widget\" data-widget_type=\"mediteraneo_core_section_title.default\">\n\t\t\t\t<div class=\"elementor-widget-container\">\n\t\t\t\t\t<div class=\"qodef-shortcode qodef-m  qodef-section-title qodef-custom-font-327 qodef-alignment--left qodef-show-decoration--no \">\n\t\t\t<h2 class=\"qodef-m-title\" >\n\t\t\t\t\tUnsere Mission\t\t\t<\/h2>\n\t\t<p class=\"qodef-m-text\" >Vertrauen zu den Familien aufzubauen und zu erhalten, ist unsere Priorit\u00e4t.\nWir verpflichten uns, unterst\u00fctzende Partner zu sein, die sich um das Wohlbefinden und die Entfaltung der Kinder k\u00fcmmern.<\/p>\n\t\t<a class=\"qodef-shortcode qodef-m  qodef-button qodef-layout--filled  qodef-html--link\" href=\"https:\/\/www.nascht.lu\/de\/unsere-paedagogik\/\" target=\"_self\" data-hover-border-color=\"#FFFFFF\" style=\"background-color: #FFFFFF;margin: 37px 0px 0px\">\t<span class=\"qodef-m-text\">Mehr erfahren<\/span><\/a>\t<\/div>\n\t\t\t\t<\/div>\n\t\t\t\t<\/div>\n\t\t\t\t<\/div>\n\t\t\t\t<\/div>\n\t\t\t\t<\/div>\n\t\t<div class=\"elementor-element elementor-element-7c5ff08 e-con-full e-flex e-con e-parent\" data-id=\"7c5ff08\" data-element_type=\"container\" data-e-type=\"container\" data-settings=\"{&quot;background_background&quot;:&quot;classic&quot;}\">\n\t\t<div class=\"elementor-element elementor-element-dc130b6 e-con-full e-flex e-con e-child\" data-id=\"dc130b6\" data-element_type=\"container\" data-e-type=\"container\" data-settings=\"{&quot;background_background&quot;:&quot;classic&quot;}\">\n\t\t\t\t<div class=\"elementor-element elementor-element-875df44 elementor-widget elementor-widget-spacer\" data-id=\"875df44\" data-element_type=\"widget\" data-e-type=\"widget\" data-widget_type=\"spacer.default\">\n\t\t\t\t\t\t\t<div class=\"elementor-spacer\">\n\t\t\t<div class=\"elementor-spacer-inner\"><\/div>\n\t\t<\/div>\n\t\t\t\t\t\t<\/div>\n\t\t\t\t<div class=\"elementor-element elementor-element-2434b8f elementor-widget elementor-widget-mediteraneo_core_section_title\" data-id=\"2434b8f\" data-element_type=\"widget\" data-e-type=\"widget\" data-widget_type=\"mediteraneo_core_section_title.default\">\n\t\t\t\t<div class=\"elementor-widget-container\">\n\t\t\t\t\t<div class=\"qodef-shortcode qodef-m  qodef-section-title qodef-custom-font-53 qodef-alignment--center qodef-show-decoration--no \">\n\t\t\t<h2 class=\"qodef-m-title\" >\n\t\t\t\t\tMat eisem Nest a Kontakt trieden\t\t\t<\/h2>\n\t\t<p class=\"qodef-m-text\" >F\u00ebllt de Formulaire aus, fir m\u00e9i Informatiounen ze kr\u00e9ien an eng Invitatioun fir d\u2019Visitt z\u2019erhalen.<\/p>\n\t\t<a class=\"qodef-shortcode qodef-m  qodef-button qodef-layout--filled  qodef-html--link\" href=\"https:\/\/www.nascht.lu\/de\/voranmeldung\" target=\"_self\" data-hover-background-color=\"#FFFFFF\" style=\"background-color: #FFFFFF\">\t<span class=\"qodef-m-text\">Kontakt\u00e9iert eis<\/span><\/a>\t<\/div>\n\t\t\t\t<\/div>\n\t\t\t\t<\/div>\n\t\t\t\t<div class=\"elementor-element elementor-element-f0b27ca elementor-widget elementor-widget-spacer\" data-id=\"f0b27ca\" data-element_type=\"widget\" data-e-type=\"widget\" data-widget_type=\"spacer.default\">\n\t\t\t\t\t\t\t<div class=\"elementor-spacer\">\n\t\t\t<div class=\"elementor-spacer-inner\"><\/div>\n\t\t<\/div>\n\t\t\t\t\t\t<\/div>\n\t\t\t\t<\/div>\n\t\t<div class=\"elementor-element elementor-element-32b8e3c e-con-full elementor-hidden-mobile e-flex e-con e-child\" data-id=\"32b8e3c\" data-element_type=\"container\" data-e-type=\"container\" data-settings=\"{&quot;background_background&quot;:&quot;classic&quot;,&quot;background_motion_fx_motion_fx_scrolling&quot;:&quot;yes&quot;,&quot;background_motion_fx_translateY_effect&quot;:&quot;yes&quot;,&quot;background_motion_fx_translateY_speed&quot;:{&quot;unit&quot;:&quot;px&quot;,&quot;size&quot;:0.5,&quot;sizes&quot;:[]},&quot;background_motion_fx_translateX_effect&quot;:&quot;yes&quot;,&quot;background_motion_fx_translateX_speed&quot;:{&quot;unit&quot;:&quot;px&quot;,&quot;size&quot;:0.5,&quot;sizes&quot;:[]},&quot;background_motion_fx_translateY_affectedRange&quot;:{&quot;unit&quot;:&quot;%&quot;,&quot;size&quot;:&quot;&quot;,&quot;sizes&quot;:{&quot;start&quot;:0,&quot;end&quot;:100}},&quot;background_motion_fx_translateX_affectedRange&quot;:{&quot;unit&quot;:&quot;%&quot;,&quot;size&quot;:&quot;&quot;,&quot;sizes&quot;:{&quot;start&quot;:0,&quot;end&quot;:100}},&quot;background_motion_fx_devices&quot;:[&quot;desktop&quot;,&quot;tablet&quot;,&quot;mobile&quot;]}\">\n\t\t\t\t<\/div>\n\t\t\t\t<\/div>\n\t\t<div class=\"elementor-element elementor-element-4cef0aa qodef-elementor-content-grid e-con-full e-flex e-con e-parent\" data-id=\"4cef0aa\" data-element_type=\"container\" data-e-type=\"container\" data-settings=\"{&quot;background_background&quot;:&quot;classic&quot;}\">\n\t\t<div class=\"elementor-element elementor-element-f1236a0 e-con-full e-flex e-con e-child\" data-id=\"f1236a0\" data-element_type=\"container\" data-e-type=\"container\">\n\t\t<div class=\"elementor-element elementor-element-5f2e83c e-con-full e-flex e-con e-child\" data-id=\"5f2e83c\" data-element_type=\"container\" data-e-type=\"container\" data-settings=\"{&quot;background_background&quot;:&quot;classic&quot;}\">\n\t\t\t\t<div class=\"elementor-element elementor-element-3997041 elementor-widget elementor-widget-mediteraneo_core_section_title\" data-id=\"3997041\" data-element_type=\"widget\" data-e-type=\"widget\" data-widget_type=\"mediteraneo_core_section_title.default\">\n\t\t\t\t<div class=\"elementor-widget-container\">\n\t\t\t\t\t<div class=\"qodef-shortcode qodef-m  qodef-section-title qodef-custom-font-285 qodef-alignment--center qodef-show-decoration--no \">\n\t\t\t<h3 class=\"qodef-m-title\" >\n\t\t\t\t\tNewsletter\t\t\t<\/h3>\n\t\t<p class=\"qodef-m-text\" style=\"margin-top: 15px\">Bleift inform\u00e9iert \u2013 kommt bei eis!<\/p>\n\t<\/div>\n\t\t\t\t<\/div>\n\t\t\t\t<\/div>\n\t\t\t\t<div class=\"elementor-element elementor-element-38734dc elementor-widget elementor-widget-wp-widget-mediteraneo_core_contact_form_7\" data-id=\"38734dc\" data-element_type=\"widget\" data-e-type=\"widget\" data-widget_type=\"wp-widget-mediteraneo_core_contact_form_7.default\">\n\t\t\t\t<div class=\"elementor-widget-container\">\n\t\t\t\t\t\t\t\t<div class=\"qodef-contact-form-7\">\n\t\t\t\t\n<div class=\"wpcf7 no-js\" id=\"wpcf7-f20544-o1\" lang=\"fr-FR\" dir=\"ltr\" data-wpcf7-id=\"20544\">\n<div class=\"screen-reader-response\"><p role=\"status\" aria-live=\"polite\" aria-atomic=\"true\"><\/p> <ul><\/ul><\/div>\n<form action=\"\/de\/wp-json\/wp\/v2\/pages\/22945#wpcf7-f20544-o1\" method=\"post\" class=\"wpcf7-form init demo cf7mls-no-scroll cf7mls-auto-return-first-step cf7mls-no-moving-animation\" aria-label=\"Formulaire de contact\" novalidate=\"novalidate\" data-status=\"init\">\n<fieldset class=\"hidden-fields-container\"><input type=\"hidden\" name=\"_wpcf7\" value=\"20544\" \/><input type=\"hidden\" name=\"_wpcf7_version\" value=\"6.1.5\" \/><input type=\"hidden\" name=\"_wpcf7_locale\" value=\"fr_FR\" \/><input type=\"hidden\" name=\"_wpcf7_unit_tag\" value=\"wpcf7-f20544-o1\" \/><input type=\"hidden\" name=\"_wpcf7_container_post\" value=\"0\" \/><input type=\"hidden\" name=\"_wpcf7_posted_data_hash\" value=\"\" \/>\n<\/fieldset>\n<div class=\"qodef-newsletter\"><label><span class=\"wpcf7-form-control-wrap\" data-name=\"your-email\"><input size=\"40\" maxlength=\"400\" class=\"wpcf7-form-control wpcf7-email wpcf7-validates-as-required wpcf7-text wpcf7-validates-as-email\" aria-required=\"true\" aria-invalid=\"false\" placeholder=\"Ihre E-Mail-Adresse\" value=\"\" type=\"email\" name=\"your-email\" \/><\/span><\/label><button class=\"wpcf7-form-control wpcf7-submit qodef-button qodef-size--normal qodef-layout--filled qodef-m\" type=\"submit\"><span class=\"qodef-m-text\">Senden<\/span><\/button><\/div><div class=\"wpcf7-response-output\" aria-hidden=\"true\"><\/div>\n<\/form>\n<\/div>\n\t\t\t<\/div>\n\t\t\t\t\t\t\t<\/div>\n\t\t\t\t<\/div>\n\t\t\t\t<\/div>\n\t\t<div class=\"elementor-element elementor-element-5ae5e58 e-con-full elementor-hidden-tablet elementor-hidden-mobile e-flex e-con e-child\" data-id=\"5ae5e58\" data-element_type=\"container\" data-e-type=\"container\">\n\t\t\t\t<div class=\"elementor-element elementor-element-7818f18 elementor-widget elementor-widget-mediteraneo_core_separator\" data-id=\"7818f18\" data-element_type=\"widget\" data-e-type=\"widget\" data-widget_type=\"mediteraneo_core_separator.default\">\n\t\t\t\t<div class=\"elementor-widget-container\">\n\t\t\t\t\t<div class=\"qodef-shortcode qodef-m  qodef-separator qodef--has-appear clear  qodef-show--yes qodef-show-1600--yes qodef-show-1512--yes qodef-show-1368--yes qodef-show-1200--yes qodef-show-1024--yes qodef-show-880--yes qodef-show-680--yes\">\n\t<div class=\"qodef-m-line\" style=\"border-style: solid;width: 1px;border-bottom-width: 100px\"><\/div>\n<\/div>\n\t\t\t\t<\/div>\n\t\t\t\t<\/div>\n\t\t\t\t<\/div>\n\t\t<div class=\"elementor-element elementor-element-55e951c e-con-full e-flex e-con e-child\" data-id=\"55e951c\" data-element_type=\"container\" data-e-type=\"container\">\n\t\t\t\t<div class=\"elementor-element elementor-element-bdbfd83 elementor-widget elementor-widget-mediteraneo_core_section_title\" data-id=\"bdbfd83\" data-element_type=\"widget\" data-e-type=\"widget\" data-widget_type=\"mediteraneo_core_section_title.default\">\n\t\t\t\t<div class=\"elementor-widget-container\">\n\t\t\t\t\t<div class=\"qodef-shortcode qodef-m  qodef-section-title qodef-custom-font-631 qodef-alignment--center qodef-show-decoration--no \">\n\t\t\t<h3 class=\"qodef-m-title\" >\n\t\t\t\t\tDreemen, wuessen, fortfl\u00e9ien\t\t\t<\/h3>\n\t\t<p class=\"qodef-m-text\" style=\"margin-top: 15px\">Nascht \u2013 \u00c4re Partner an der fr\u00e9icher Kandheet.<\/p>\n\t<\/div>\n\t\t\t\t<\/div>\n\t\t\t\t<\/div>\n\t\t\t\t<\/div>\n\t\t\t\t<\/div>\n\t\t\t\t<\/div>\n\t\t\t\t<\/div>\n\t\t","protected":false},"excerpt":{"rendered":"<p>Nascht-Tagesst\u00e4tte Lamadeleine 15, rue Neuve L-4884 LAMADELAINE Direction (+352) 28 68 58 1 lamadeleine@nascht.lu \u00d6ffnungszeiten Montag bis Freitag von 06:00 bis 20:00 Uhr Unsere Mission Vertrauen zu den Familien aufzubauen und zu erhalten, ist unsere Priorit\u00e4t. Wir verpflichten uns, unterst\u00fctzende Partner zu sein, die sich um das Wohlbefinden und die Entfaltung der Kinder k\u00fcmmern. Mehr [&hellip;]<\/p>\n","protected":false},"author":1,"featured_media":0,"parent":0,"menu_order":0,"comment_status":"closed","ping_status":"closed","template":"page-full-width.php","meta":{"footnotes":""},"class_list":["post-22945","page","type-page","status-publish","hentry"],"aioseo_notices":[],"_links":{"self":[{"href":"https:\/\/www.nascht.lu\/de\/wp-json\/wp\/v2\/pages\/22945","targetHints":{"allow":["GET"]}}],"collection":[{"href":"https:\/\/www.nascht.lu\/de\/wp-json\/wp\/v2\/pages"}],"about":[{"href":"https:\/\/www.nascht.lu\/de\/wp-json\/wp\/v2\/types\/page"}],"author":[{"embeddable":true,"href":"https:\/\/www.nascht.lu\/de\/wp-json\/wp\/v2\/users\/1"}],"replies":[{"embeddable":true,"href":"https:\/\/www.nascht.lu\/de\/wp-json\/wp\/v2\/comments?post=22945"}],"version-history":[{"count":5,"href":"https:\/\/www.nascht.lu\/de\/wp-json\/wp\/v2\/pages\/22945\/revisions"}],"predecessor-version":[{"id":22988,"href":"https:\/\/www.nascht.lu\/de\/wp-json\/wp\/v2\/pages\/22945\/revisions\/22988"}],"wp:attachment":[{"href":"https:\/\/www.nascht.lu\/de\/wp-json\/wp\/v2\/media?parent=22945"}],"curies":[{"name":"wp","href":"https:\/\/api.w.org\/{rel}","templated":true}]}}