{"id":21011,"date":"2024-06-20T08:38:25","date_gmt":"2024-06-20T06:38:25","guid":{"rendered":"https:\/\/www.nascht.lu\/?page_id=21011"},"modified":"2025-09-16T09:04:26","modified_gmt":"2025-09-16T07:04:26","slug":"legal-notice","status":"publish","type":"page","link":"https:\/\/www.nascht.lu\/en\/legal-notice\/","title":{"rendered":"Legal Notice"},"content":{"rendered":"\t\t<div data-elementor-type=\"wp-page\" data-elementor-id=\"21011\" class=\"elementor elementor-21011 elementor-13443\" data-elementor-post-type=\"page\">\n\t\t\t\t<div class=\"elementor-element elementor-element-1e1de98 e-flex e-con-boxed e-con e-parent\" data-id=\"1e1de98\" data-element_type=\"container\" data-e-type=\"container\">\n\t\t\t\t\t<div class=\"e-con-inner\">\n\t\t\t\t<div class=\"elementor-element elementor-element-622d4be elementor-widget elementor-widget-text-editor\" data-id=\"622d4be\" data-element_type=\"widget\" data-e-type=\"widget\" data-widget_type=\"text-editor.default\">\n\t\t\t\t\t\t\t\t\t<div class=\"selectableSection zw-contentpane\"><h1>LEGAL INFORMATION<\/h1><h2>Presentation of the site<\/h2><p>In accordance with Luxembourg legislation, which is based on the European directives concerning digital services, the information relating to those involved in the creation and management of the site is as follows:<\/p><ul><li>Owner: VLM SARL<\/li><li>Legal form: Limited liability company (SARL)<\/li><li>Share capital: \u20ac12,500.00<\/li><li>Registered office: 20, rue Dr. Flesch, L-3725 Rumelange, Luxembourg<\/li><li>RCS Luxembourg number: B175731<\/li><li>Creator and Webmaster: Caroline Santos &#8211; <a href=\"mailto:support@nascht.lu\">support@nascht.lu<\/a><\/li><li>Publication manager: VLM SARL &#8211; <span class=\"mergeField\"><a href=\"mailto:info@nascht.lu\">info@nascht.lu<\/a><\/span><\/li><li>Host: OVH 2, rue Kellermann, 59100 Roubaix, France<\/li><\/ul><h3>Terms and conditions of use<\/h3><p>Use of the www.nascht.lu website implies full acceptance of the general conditions of use described below, which may be amended at any time. Users are therefore advised to consult them regularly.<\/p><h3>Services provided<\/h3><p><span class=\"mergeField\">The purpose of the www.nascht.lu website is to provide information about all of VLM SARL&#8217;s activities. VLM SARL endeavours to provide information that is as accurate as possible. However, it cannot be held responsible for any omissions, inaccuracies or gaps, whether caused by itself or by third-party partners.<\/span><\/p><h3>Intellectual property rights<\/h3><p>VLM SARL holds the intellectual property rights or usage rights to all elements accessible on the site, including text, images, graphics, logos, icons, sounds and software. Any reproduction, modification, publication, adaptation of all or part of the elements of the site, whatever the means or process used, is prohibited, except with the prior written authorisation of VLM SARL. Any unauthorised use of the site or of any of the elements it contains will be considered as constituting an infringement and will be prosecuted in accordance with the provisions of the articles relating to intellectual property rights.<\/p><h3>Limitation of liability<\/h3><p>The user of the <a href=\"http:\/\/www.nascht.lu\">www.nascht.lu<\/a> website undertakes to access the site using recent, virus-free equipment with an up-to-date, latest-generation browser. VLM SARL may not be held liable for any direct or indirect damage caused to the user&#8217;s equipment when accessing the site and resulting either from the use of equipment that does not comply with the above specifications, or from the appearance of a bug or incompatibility. VLM SARL may also not be held liable for indirect damage (such as loss of market or loss of opportunity) resulting from the use of the <a href=\"http:\/\/www.nascht.lu\">www.nascht.lu<\/a> website.<\/p><h3>Hypertext links and cookies<\/h3><p>Le site <a href=\"http:\/\/www.nascht.lu\" target=\"_new\" rel=\"noopener\">www.nascht.lu<\/a> contient un certain nombre de liens hypertextes vers d&#8217;autres sites, mis en place avec l&#8217;autorisation de VLM SARL. VLM SARL n&#8217;a pas la possibilit\u00e9 de v\u00e9rifier le contenu des sites ainsi visit\u00e9s et n&#8217;assumera en cons\u00e9quence aucune responsabilit\u00e9 de ce fait.<\/p><p>La navigation sur le site <a href=\"http:\/\/www.nascht.lu\" target=\"_new\" rel=\"noopener\">www.nascht.lu<\/a> est susceptible de provoquer l&#8217;installation de cookies sur l&#8217;ordinateur de l&#8217;utilisateur. Pour en savoir plus sur l&#8217;utilisation des cookies et la mani\u00e8re de les g\u00e9rer, veuillez consulter notre <a href=\"https:\/\/www.nascht.lu\/en\/cookie-management\/\" rel=\"noopener\">page d\u00e9di\u00e9e aux cookies<\/a>.<\/p><h3>Applicable Law<\/h3><p>These terms of use for the website <a class=\"\" href=\"http:\/\/www.nascht.lu\" target=\"_new\" rel=\"noopener\" data-start=\"57\" data-end=\"70\">www.nascht.lu<\/a> are governed by Luxembourg law and applicable European directives. Any dispute or disagreement arising from the interpretation or execution of these terms shall fall under the exclusive jurisdiction of the Luxembourg courts.<\/p><h3>Glossary<\/h3><ul class=\"lst-12521802--1\" data-list=\"listId:12521802,listLevel:0\"><li>Site Owner: The legal entity responsible for the information contained on the website.<\/li><li><strong data-start=\"320\" data-end=\"335\">Site Owner:<\/strong> The legal entity responsible for the information contained on the website.<\/li><li>Responsable publication :\u00a0Personne en charge de la mise \u00e0 jour des contenus (textes, visuels, multim\u00e9dia, etc.) sur le site internet<\/li><li>H\u00e9bergeur : Espace de stockage du site internet<\/li><li>Utilisateur : Internaute se connectant, utilisant le site susnomm\u00e9.<\/li><li>Informations personnelles : Les informations qui permettent, sous quelque forme que ce soit, directement ou non, l\u2019identification des personnes physiques auxquelles elles s\u2019appliquent.<\/li><\/ul><\/div><div class=\"zw-footer\">\u00a0<\/div>\t\t\t\t\t\t\t\t<\/div>\n\t\t\t\t\t<\/div>\n\t\t\t\t<\/div>\n\t\t<div class=\"elementor-element elementor-element-4197811 e-con-full e-flex e-con e-parent\" data-id=\"4197811\" data-element_type=\"container\" data-e-type=\"container\" data-settings=\"{&quot;background_background&quot;:&quot;classic&quot;}\">\n\t\t<div class=\"elementor-element elementor-element-38030cb e-con-full elementor-hidden-mobile e-flex e-con e-child\" data-id=\"38030cb\" data-element_type=\"container\" data-e-type=\"container\" data-settings=\"{&quot;background_background&quot;:&quot;classic&quot;,&quot;background_motion_fx_motion_fx_scrolling&quot;:&quot;yes&quot;,&quot;background_motion_fx_translateY_effect&quot;:&quot;yes&quot;,&quot;background_motion_fx_translateY_speed&quot;:{&quot;unit&quot;:&quot;px&quot;,&quot;size&quot;:0.5,&quot;sizes&quot;:[]},&quot;background_motion_fx_translateX_effect&quot;:&quot;yes&quot;,&quot;background_motion_fx_translateX_speed&quot;:{&quot;unit&quot;:&quot;px&quot;,&quot;size&quot;:0.5,&quot;sizes&quot;:[]},&quot;background_motion_fx_translateY_affectedRange&quot;:{&quot;unit&quot;:&quot;%&quot;,&quot;size&quot;:&quot;&quot;,&quot;sizes&quot;:{&quot;start&quot;:0,&quot;end&quot;:100}},&quot;background_motion_fx_translateX_affectedRange&quot;:{&quot;unit&quot;:&quot;%&quot;,&quot;size&quot;:&quot;&quot;,&quot;sizes&quot;:{&quot;start&quot;:0,&quot;end&quot;:100}},&quot;background_motion_fx_devices&quot;:[&quot;desktop&quot;,&quot;tablet&quot;,&quot;mobile&quot;]}\">\n\t\t\t\t<\/div>\n\t\t<div class=\"elementor-element elementor-element-678c250 e-con-full e-flex e-con e-child\" data-id=\"678c250\" data-element_type=\"container\" data-e-type=\"container\" data-settings=\"{&quot;background_background&quot;:&quot;classic&quot;}\">\n\t\t\t\t<div class=\"elementor-element elementor-element-d320b90 elementor-widget elementor-widget-spacer\" data-id=\"d320b90\" data-element_type=\"widget\" data-e-type=\"widget\" data-widget_type=\"spacer.default\">\n\t\t\t\t\t\t\t<div class=\"elementor-spacer\">\n\t\t\t<div class=\"elementor-spacer-inner\"><\/div>\n\t\t<\/div>\n\t\t\t\t\t\t<\/div>\n\t\t\t\t<div class=\"elementor-element elementor-element-dfb52ff elementor-widget elementor-widget-mediteraneo_core_section_title\" data-id=\"dfb52ff\" data-element_type=\"widget\" data-e-type=\"widget\" data-widget_type=\"mediteraneo_core_section_title.default\">\n\t\t\t\t<div class=\"elementor-widget-container\">\n\t\t\t\t\t<div class=\"qodef-shortcode qodef-m  qodef-section-title qodef-custom-font-259 qodef-alignment--center qodef-show-decoration--no \">\n\t\t\t<h2 class=\"qodef-m-title\" >\n\t\t\t\t\t<a itemprop=\"url\" href=\"https:\/\/www.nascht.lu\/en\/contact\/\" target=\"_self\">\n\t\t\t\t\tJoin the Nest\t\t\t\t\t<\/a>\n\t\t\t<\/h2>\n\t\t<p class=\"qodef-m-text\" >Fill out the form to receive more information and an invitation to the tour.<\/p>\n\t\t<a class=\"qodef-shortcode qodef-m  qodef-button qodef-layout--filled  qodef-html--link\" href=\"https:\/\/www.nascht.lu\/en\/pre-registration\/\" target=\"_self\" data-hover-background-color=\"#FFFFFF\" style=\"background-color: #FFFFFF\">\t<span class=\"qodef-m-text\">Join us!<\/span><\/a>\t<\/div>\n\t\t\t\t<\/div>\n\t\t\t\t<\/div>\n\t\t\t\t<div class=\"elementor-element elementor-element-861bb82 elementor-widget elementor-widget-spacer\" data-id=\"861bb82\" data-element_type=\"widget\" data-e-type=\"widget\" data-widget_type=\"spacer.default\">\n\t\t\t\t\t\t\t<div class=\"elementor-spacer\">\n\t\t\t<div class=\"elementor-spacer-inner\"><\/div>\n\t\t<\/div>\n\t\t\t\t\t\t<\/div>\n\t\t\t\t<\/div>\n\t\t\t\t<\/div>\n\t\t\t\t<\/div>\n\t\t","protected":false},"excerpt":{"rendered":"<p>LEGAL INFORMATION Presentation of the site In accordance with Luxembourg legislation, which is based on the European directives concerning digital services, the information relating to those involved in the creation and management of the site is as follows: Owner: VLM SARL Legal form: Limited liability company (SARL) Share capital: \u20ac12,500.00 Registered office: 20, rue Dr. [&hellip;]<\/p>\n","protected":false},"author":1,"featured_media":0,"parent":0,"menu_order":0,"comment_status":"closed","ping_status":"closed","template":"page-full-width.php","meta":{"footnotes":""},"class_list":["post-21011","page","type-page","status-publish","hentry"],"aioseo_notices":[],"_links":{"self":[{"href":"https:\/\/www.nascht.lu\/en\/wp-json\/wp\/v2\/pages\/21011","targetHints":{"allow":["GET"]}}],"collection":[{"href":"https:\/\/www.nascht.lu\/en\/wp-json\/wp\/v2\/pages"}],"about":[{"href":"https:\/\/www.nascht.lu\/en\/wp-json\/wp\/v2\/types\/page"}],"author":[{"embeddable":true,"href":"https:\/\/www.nascht.lu\/en\/wp-json\/wp\/v2\/users\/1"}],"replies":[{"embeddable":true,"href":"https:\/\/www.nascht.lu\/en\/wp-json\/wp\/v2\/comments?post=21011"}],"version-history":[{"count":16,"href":"https:\/\/www.nascht.lu\/en\/wp-json\/wp\/v2\/pages\/21011\/revisions"}],"predecessor-version":[{"id":22323,"href":"https:\/\/www.nascht.lu\/en\/wp-json\/wp\/v2\/pages\/21011\/revisions\/22323"}],"wp:attachment":[{"href":"https:\/\/www.nascht.lu\/en\/wp-json\/wp\/v2\/media?parent=21011"}],"curies":[{"name":"wp","href":"https:\/\/api.w.org\/{rel}","templated":true}]}}