{"id":21152,"date":"2024-06-19T15:28:31","date_gmt":"2024-06-19T13:28:31","guid":{"rendered":"https:\/\/www.nascht.lu\/?page_id=21152"},"modified":"2025-06-17T15:28:46","modified_gmt":"2025-06-17T13:28:46","slug":"corporate-offer","status":"publish","type":"page","link":"https:\/\/www.nascht.lu\/en\/corporate-offer\/","title":{"rendered":"Corporate Offer"},"content":{"rendered":"\t\t<div data-elementor-type=\"wp-page\" data-elementor-id=\"21152\" class=\"elementor elementor-21152\" data-elementor-post-type=\"page\">\n\t\t\t\t<div class=\"elementor-element elementor-element-0095b61 e-con-full e-flex e-con e-parent\" data-id=\"0095b61\" data-element_type=\"container\" data-e-type=\"container\" data-settings=\"{&quot;background_background&quot;:&quot;classic&quot;}\">\n\t\t<div class=\"elementor-element elementor-element-8a6e089 e-con-full e-flex e-con e-child\" data-id=\"8a6e089\" data-element_type=\"container\" data-e-type=\"container\" data-settings=\"{&quot;background_background&quot;:&quot;classic&quot;}\">\n\t\t\t\t<div class=\"elementor-element elementor-element-5c168ec elementor-widget elementor-widget-spacer\" data-id=\"5c168ec\" data-element_type=\"widget\" data-e-type=\"widget\" data-widget_type=\"spacer.default\">\n\t\t\t\t\t\t\t<div class=\"elementor-spacer\">\n\t\t\t<div class=\"elementor-spacer-inner\"><\/div>\n\t\t<\/div>\n\t\t\t\t\t\t<\/div>\n\t\t\t\t<div class=\"elementor-element elementor-element-efbd021 elementor-widget elementor-widget-mediteraneo_core_section_title\" data-id=\"efbd021\" data-element_type=\"widget\" data-e-type=\"widget\" data-widget_type=\"mediteraneo_core_section_title.default\">\n\t\t\t\t<div class=\"elementor-widget-container\">\n\t\t\t\t\t<div class=\"qodef-shortcode qodef-m  qodef-section-title qodef-custom-font-841 qodef-alignment--left qodef-show-decoration--no \">\n\t\t\t<h1 class=\"qodef-m-title\" >\n\t\t\t\t\tCultivez <span class=\"qodef-highlight-text\">l'avenir<\/span> de votre entreprise\t\t\t<\/h1>\n\t\t<p class=\"qodef-m-text\" >&quot;Grandir ensemble&quot; - L&#039;investissement qui fait la diff\u00e9rence<\/p>\n\t<\/div>\n\t\t\t\t<\/div>\n\t\t\t\t<\/div>\n\t\t\t\t<div class=\"elementor-element elementor-element-5292cc0 elementor-widget elementor-widget-spacer\" data-id=\"5292cc0\" data-element_type=\"widget\" data-e-type=\"widget\" data-widget_type=\"spacer.default\">\n\t\t\t\t\t\t\t<div class=\"elementor-spacer\">\n\t\t\t<div class=\"elementor-spacer-inner\"><\/div>\n\t\t<\/div>\n\t\t\t\t\t\t<\/div>\n\t\t\t\t<\/div>\n\t\t<div class=\"elementor-element elementor-element-90821af e-con-full e-flex e-con e-child\" data-id=\"90821af\" data-element_type=\"container\" data-e-type=\"container\" data-settings=\"{&quot;background_background&quot;:&quot;classic&quot;}\">\n\t\t\t\t<div class=\"elementor-element elementor-element-06aee28 e-transform elementor-widget elementor-widget-mediteraneo_core_single_image\" data-id=\"06aee28\" data-element_type=\"widget\" data-e-type=\"widget\" data-settings=\"{&quot;_transform_rotateZ_effect_hover&quot;:{&quot;unit&quot;:&quot;px&quot;,&quot;size&quot;:190,&quot;sizes&quot;:[]},&quot;_transform_rotateZ_effect_hover_tablet&quot;:{&quot;unit&quot;:&quot;deg&quot;,&quot;size&quot;:&quot;&quot;,&quot;sizes&quot;:[]},&quot;_transform_rotateZ_effect_hover_mobile&quot;:{&quot;unit&quot;:&quot;deg&quot;,&quot;size&quot;:&quot;&quot;,&quot;sizes&quot;:[]}}\" data-widget_type=\"mediteraneo_core_single_image.default\">\n\t\t\t\t<div class=\"elementor-widget-container\">\n\t\t\t\t\t<div class=\"qodef-shortcode qodef-m  qodef-single-image  qodef--has-hover qodef-layout--default qodef-scroll-item qodef--retina qodef-alignment--left\">\n\t<\/div>\n\t\t\t\t<\/div>\n\t\t\t\t<\/div>\n\t\t\t\t<\/div>\n\t\t\t\t<\/div>\n\t\t<div class=\"elementor-element elementor-element-3b3af4d e-con-full e-flex e-con e-parent\" data-id=\"3b3af4d\" data-element_type=\"container\" data-e-type=\"container\">\n\t\t\t\t<div class=\"elementor-element elementor-element-1c172da elementor-widget elementor-widget-mediteraneo_core_separator\" data-id=\"1c172da\" data-element_type=\"widget\" data-e-type=\"widget\" data-widget_type=\"mediteraneo_core_separator.default\">\n\t\t\t\t<div class=\"elementor-widget-container\">\n\t\t\t\t\t<div class=\"qodef-shortcode qodef-m  qodef-separator qodef--has-appear clear  qodef-show--yes qodef-show-1600--yes qodef-show-1512--yes qodef-show-1368--yes qodef-show-1200--yes qodef-show-1024--yes qodef-show-880--yes qodef-show-680--yes\">\n\t<div class=\"qodef-m-line\" ><\/div>\n<\/div>\n\t\t\t\t<\/div>\n\t\t\t\t<\/div>\n\t\t\t\t<\/div>\n\t\t<div class=\"elementor-element elementor-element-160e7fb e-con-full e-flex e-con e-parent\" data-id=\"160e7fb\" data-element_type=\"container\" data-e-type=\"container\" data-settings=\"{&quot;background_background&quot;:&quot;classic&quot;}\">\n\t\t<div class=\"elementor-element elementor-element-b27c800 e-flex e-con-boxed e-con e-child\" data-id=\"b27c800\" data-element_type=\"container\" data-e-type=\"container\">\n\t\t\t\t\t<div class=\"e-con-inner\">\n\t\t\t\t<div class=\"elementor-element elementor-element-67d2322 elementor-widget elementor-widget-mediteraneo_core_section_title\" data-id=\"67d2322\" data-element_type=\"widget\" data-e-type=\"widget\" data-widget_type=\"mediteraneo_core_section_title.default\">\n\t\t\t\t<div class=\"elementor-widget-container\">\n\t\t\t\t\t<div class=\"qodef-shortcode qodef-m  qodef-section-title qodef-custom-font-5 qodef-alignment--center qodef-show-decoration--no \">\n\t\t\t<h2 class=\"qodef-m-title\" style=\"font-size: 52px\">\n\t\t\t\t\tSemez les graines<br> du <span class=\"qodef-highlight-text\">bien-\u00eatre\t\t\t<\/h2>\n\t\t<p class=\"qodef-m-text\" style=\"margin-top: 40px\">Chez le nid des petits, nous croyons que le bien-\u00eatre des enfants de vos employ\u00e9s est la cl\u00e9 d&#039;une entreprise prosp\u00e8re. Notre engagement ? Fournir un environnement o\u00f9 les plus jeunes esprits grandissent, tout comme les r\u00e9ussites de votre entreprise.<\/p>\n\t<\/div>\n\t\t\t\t<\/div>\n\t\t\t\t<\/div>\n\t\t\t\t\t<\/div>\n\t\t\t\t<\/div>\n\t\t\t\t<\/div>\n\t\t<div class=\"elementor-element elementor-element-0a1dc21 e-con-full e-flex e-con e-parent\" data-id=\"0a1dc21\" data-element_type=\"container\" data-e-type=\"container\" data-settings=\"{&quot;background_background&quot;:&quot;classic&quot;}\">\n\t\t<div class=\"elementor-element elementor-element-516babd e-con-full e-flex e-con e-child\" data-id=\"516babd\" data-element_type=\"container\" data-e-type=\"container\">\n\t\t<div class=\"elementor-element elementor-element-036f0aa e-con-full e-flex e-con e-child\" data-id=\"036f0aa\" data-element_type=\"container\" data-e-type=\"container\">\n\t\t\t\t<div class=\"elementor-element elementor-element-49dc583 elementor-widget elementor-widget-mediteraneo_core_interactive_link_showcase\" data-id=\"49dc583\" data-element_type=\"widget\" data-e-type=\"widget\" data-widget_type=\"mediteraneo_core_interactive_link_showcase.default\">\n\t\t\t\t<div class=\"elementor-widget-container\">\n\t\t\t\t\t<div class=\"qodef-shortcode qodef-m  qodef-interactive-link-showcase qodef-layout--interactive-list \" >\n\t<div class=\"qodef-m-items\">\n\t\t\t\t\t<a itemprop=\"url\" class=\"qodef-m-item qodef-e\" href=\"\" target=\"_self\" data-index=\"0\">\n\t\t\t\t<span class=\"qodef-e-title\">S\u00e9r\u00e9nit\u00e9<\/span>\n\t\t\t\t\t\t\t<\/a>\n\t\t\t\t\t<a itemprop=\"url\" class=\"qodef-m-item qodef-e\" href=\"\" target=\"_self\" data-index=\"1\">\n\t\t\t\t<span class=\"qodef-e-title\">Qualit\u00e9<\/span>\n\t\t\t\t\t\t\t<\/a>\n\t\t\t\t\t<a itemprop=\"url\" class=\"qodef-m-item qodef-e\" href=\"\" target=\"_self\" data-index=\"2\">\n\t\t\t\t<span class=\"qodef-e-title\">P\u00e9dagogie<\/span>\n\t\t\t\t\t\t\t<\/a>\n\t\t\t\t\t<a itemprop=\"url\" class=\"qodef-m-item qodef-e\" href=\"\" target=\"_self\" data-index=\"3\">\n\t\t\t\t<span class=\"qodef-e-title\">Outil de marketing<\/span>\n\t\t\t\t\t\t\t<\/a>\n\t\t\t\t\t<a itemprop=\"url\" class=\"qodef-m-item qodef-e\" href=\"\" target=\"_self\" data-index=\"4\">\n\t\t\t\t<span class=\"qodef-e-title\">Efficacit\u00e9 au travail<\/span>\n\t\t\t\t\t\t\t<\/a>\n\t\t\t\t\t<a itemprop=\"url\" class=\"qodef-m-item qodef-e\" href=\"\" target=\"_self\" data-index=\"5\">\n\t\t\t\t<span class=\"qodef-e-title\">R\u00e9duction des co\u00fbts<\/span>\n\t\t\t\t\t\t\t<\/a>\n\t\t\t<\/div>\n<\/div>\n\t\t\t\t<\/div>\n\t\t\t\t<\/div>\n\t\t\t\t<div class=\"elementor-element elementor-element-4397a5a elementor-widget elementor-widget-mediteraneo_core_separator\" data-id=\"4397a5a\" data-element_type=\"widget\" data-e-type=\"widget\" data-widget_type=\"mediteraneo_core_separator.default\">\n\t\t\t\t<div class=\"elementor-widget-container\">\n\t\t\t\t\t<div class=\"qodef-shortcode qodef-m  qodef-separator qodef--has-appear clear  qodef-show--yes qodef-show-1600--yes qodef-show-1512--yes qodef-show-1368--yes qodef-show-1200--yes qodef-show-1024--yes qodef-show-880--yes qodef-show-680--yes\">\n\t<div class=\"qodef-m-line\" ><\/div>\n<\/div>\n\t\t\t\t<\/div>\n\t\t\t\t<\/div>\n\t\t\t\t<\/div>\n\t\t\t\t<\/div>\n\t\t\t\t<\/div>\n\t\t<div class=\"elementor-element elementor-element-5972b6b e-con-full e-flex e-con e-parent\" data-id=\"5972b6b\" data-element_type=\"container\" data-e-type=\"container\" data-settings=\"{&quot;background_background&quot;:&quot;classic&quot;}\">\n\t\t<div class=\"elementor-element elementor-element-28f234d e-con-full e-flex e-con e-child\" data-id=\"28f234d\" data-element_type=\"container\" data-e-type=\"container\">\n\t\t<div class=\"elementor-element elementor-element-7d6d50e e-con-full e-flex e-con e-child\" data-id=\"7d6d50e\" data-element_type=\"container\" data-e-type=\"container\" data-settings=\"{&quot;background_background&quot;:&quot;classic&quot;}\">\n\t\t\t\t<div class=\"elementor-element elementor-element-b9bea7c elementor-widget elementor-widget-mediteraneo_core_section_title\" data-id=\"b9bea7c\" data-element_type=\"widget\" data-e-type=\"widget\" data-widget_type=\"mediteraneo_core_section_title.default\">\n\t\t\t\t<div class=\"elementor-widget-container\">\n\t\t\t\t\t<div class=\"qodef-shortcode qodef-m  qodef-section-title qodef-custom-font-949 qodef-alignment--center qodef-show-decoration--no \">\n\t\t\t<h3 class=\"qodef-m-title\" >\n\t\t\t\t\tUn terrain fertile pour<br> le <span class=\"qodef-highlight-text\">bien-\u00eatre<\/span> des employ\u00e9s\t\t\t<\/h3>\n\t\t<p class=\"qodef-m-text\" style=\"margin-top: 40px\">\u00c9panouissement au travail, productivit\u00e9 florissante\n<\/p>\n\t<\/div>\n\t\t\t\t<\/div>\n\t\t\t\t<\/div>\n\t\t\t\t<div class=\"elementor-element elementor-element-58b054d elementor-widget elementor-widget-qi_addons_for_elementor_item_showcase\" data-id=\"58b054d\" data-element_type=\"widget\" data-e-type=\"widget\" data-widget_type=\"qi_addons_for_elementor_item_showcase.default\">\n\t\t\t\t<div class=\"elementor-widget-container\">\n\t\t\t\t\t<div class=\"qodef-shortcode qodef-m qodef-qi-item-showcase qodef-layout--standard qodef-qi--has-appear\">\n\t<div class=\"qodef-m-items qodef--left\">\n\t\t<div class=\"qodef-m-item qodef-e\">\n\t\t\t<h5 class=\"qodef-e-title\">\n\t S\u00e9r\u00e9nit\u00e9 \t<\/h5>\n\t\t<p class=\"qodef-e-text\">Un mode de garde fiable et durable, disponible 51 semaines par an.<\/p>\n\t<\/div>\n<div class=\"qodef-m-item qodef-e\">\n\t\t\t<h5 class=\"qodef-e-title\">\n\t Qualit\u00e9 \t<\/h5>\n\t\t<p class=\"qodef-e-text\">Un environnement s\u00e9curis\u00e9 et stimulant, avec un encadrement professionnel pour chaque enfant.<\/p>\n\t<\/div>\n<div class=\"qodef-m-item qodef-e\">\n\t\t\t<h5 class=\"qodef-e-title\">\n\t P\u00e9dagogie \t<\/h5>\n\t\t<p class=\"qodef-e-text\">Un projet \u00e9ducatif unique favorisant l'autonomie et une alimentation saine.<\/p>\n\t<\/div>\n\t<\/div>\n\t\t<div class=\"qodef-m-image\">\n\t\t<img fetchpriority=\"high\" decoding=\"async\" width=\"960\" height=\"1200\" src=\"https:\/\/www.nascht.lu\/wp-content\/uploads\/2024\/03\/supportn_photo_of_baby_kids_running_freely_in_a_field_5bd83356-482c-4534-9b38-37e6e0e8d645.png\" class=\"attachment-full size-full\" alt=\"\" srcset=\"https:\/\/www.nascht.lu\/wp-content\/uploads\/2024\/03\/supportn_photo_of_baby_kids_running_freely_in_a_field_5bd83356-482c-4534-9b38-37e6e0e8d645.png 960w, https:\/\/www.nascht.lu\/wp-content\/uploads\/2024\/03\/supportn_photo_of_baby_kids_running_freely_in_a_field_5bd83356-482c-4534-9b38-37e6e0e8d645-240x300.png 240w, https:\/\/www.nascht.lu\/wp-content\/uploads\/2024\/03\/supportn_photo_of_baby_kids_running_freely_in_a_field_5bd83356-482c-4534-9b38-37e6e0e8d645-819x1024.png 819w, https:\/\/www.nascht.lu\/wp-content\/uploads\/2024\/03\/supportn_photo_of_baby_kids_running_freely_in_a_field_5bd83356-482c-4534-9b38-37e6e0e8d645-768x960.png 768w, https:\/\/www.nascht.lu\/wp-content\/uploads\/2024\/03\/supportn_photo_of_baby_kids_running_freely_in_a_field_5bd83356-482c-4534-9b38-37e6e0e8d645-600x750.png 600w\" sizes=\"(max-width: 960px) 100vw, 960px\" \/>\t<\/div>\n\t<div class=\"qodef-m-items qodef--right\">\n\t\t<div class=\"qodef-m-item qodef-e\">\n\t\t\t<h5 class=\"qodef-e-title\">\n\t Outil de Marketing RH \t<\/h5>\n\t\t<p class=\"qodef-e-text\">Une strat\u00e9gie pour valoriser votre marque, attirer et fid\u00e9liser les talents.<\/p>\n\t<\/div>\n<div class=\"qodef-m-item qodef-e\">\n\t\t\t<h5 class=\"qodef-e-title\">\n\t Efficacit\u00e9 au travail \t<\/h5>\n\t\t<p class=\"qodef-e-text\">All\u00e9gez la charge mentale de vos employ\u00e9s pour une productivit\u00e9 d\u00e9cupl\u00e9e.<\/p>\n\t<\/div>\n<div class=\"qodef-m-item qodef-e\">\n\t\t\t<h5 class=\"qodef-e-title\">\n\t R\u00e9duction des co\u00fbts \t<\/h5>\n\t\t<p class=\"qodef-e-text\">Diminution de l'absent\u00e9isme et optimisation des co\u00fbts li\u00e9s \u00e0 la parentalit\u00e9.<\/p>\n\t<\/div>\n\t<\/div>\n<\/div>\n\t\t\t\t<\/div>\n\t\t\t\t<\/div>\n\t\t\t\t<\/div>\n\t\t\t\t<\/div>\n\t\t\t\t<\/div>\n\t\t<div class=\"elementor-element elementor-element-334c37c e-con-full e-flex e-con e-parent\" data-id=\"334c37c\" data-element_type=\"container\" data-e-type=\"container\" data-settings=\"{&quot;background_background&quot;:&quot;classic&quot;}\">\n\t\t<div class=\"elementor-element elementor-element-00f8732 e-con-full e-flex e-con e-child\" data-id=\"00f8732\" data-element_type=\"container\" data-e-type=\"container\" data-settings=\"{&quot;background_background&quot;:&quot;classic&quot;}\">\n\t\t\t\t<div class=\"elementor-element elementor-element-93437f3 elementor-widget elementor-widget-mediteraneo_core_section_title\" data-id=\"93437f3\" data-element_type=\"widget\" data-e-type=\"widget\" data-widget_type=\"mediteraneo_core_section_title.default\">\n\t\t\t\t<div class=\"elementor-widget-container\">\n\t\t\t\t\t<div class=\"qodef-shortcode qodef-m  qodef-section-title qodef-custom-font-337 qodef-alignment--center qodef-show-decoration--no \">\n\t\t\t<h3 class=\"qodef-m-title\" >\n\t\t\t\t\tUne offre abordable :<br> Seulement <span class=\"qodef-highlight-text\">14\u20ac TTC<\/span> par jour\t\t\t<\/h3>\n\t\t<p class=\"qodef-m-text\" style=\"margin-top: 40px\">Le nid des petits est un r\u00e9el investissement, l&#039;assurance d&#039;un service de garde qualitatif en respectant l&#039;\u00e9quilibre de votre budget.<\/p>\n\t\t<a class=\"qodef-shortcode qodef-m  qodef-button qodef-layout--textual  qodef-html--link\" href=\"https:\/\/www.nascht.lu\/tarif\/\" target=\"_self\"  >\t<span class=\"qodef-m-text\">Voir nos offres<\/span><\/a>\t<\/div>\n\t\t\t\t<\/div>\n\t\t\t\t<\/div>\n\t\t\t\t<\/div>\n\t\t\t\t<\/div>\n\t\t<div class=\"elementor-element elementor-element-f957218 e-con-full e-flex e-con e-parent\" data-id=\"f957218\" data-element_type=\"container\" data-e-type=\"container\" data-settings=\"{&quot;background_background&quot;:&quot;classic&quot;}\">\n\t\t<div class=\"elementor-element elementor-element-be58865 e-con-full e-flex e-con e-child\" data-id=\"be58865\" data-element_type=\"container\" data-e-type=\"container\">\n\t\t\t\t<div class=\"elementor-element elementor-element-142c553 elementor-widget elementor-widget-mediteraneo_core_section_title\" data-id=\"142c553\" data-element_type=\"widget\" data-e-type=\"widget\" data-widget_type=\"mediteraneo_core_section_title.default\">\n\t\t\t\t<div class=\"elementor-widget-container\">\n\t\t\t\t\t<div class=\"qodef-shortcode qodef-m  qodef-section-title qodef-custom-font-158 qodef-alignment--center qodef-show-decoration--no \">\n\t\t\t<h3 class=\"qodef-m-title\" >\n\t\t\t\t\tPartenariat\t\t\t<\/h3>\n\t\t<p class=\"qodef-m-text\" style=\"margin-top: 40px\">Ne manquez pas cette opportunit\u00e9 de cro\u00eetre ensemble. R\u00e9servez une place chez le nid des petits d\u00e8s maintenant et observez votre entreprise fleurir avec des employ\u00e9s plus heureux et productif<\/p>\n\t\t<a class=\"qodef-shortcode qodef-m  qodef-button qodef-layout--textual  qodef-html--link\" href=\"http:\/\/leniddespetits.com\" target=\"_self\"  >\t<span class=\"qodef-m-text\">R\u00e9servez ici<\/span><\/a>\t<\/div>\n\t\t\t\t<\/div>\n\t\t\t\t<\/div>\n\t\t\t\t<div class=\"elementor-element elementor-element-c004e80 elementor-widget elementor-widget-spacer\" data-id=\"c004e80\" data-element_type=\"widget\" data-e-type=\"widget\" data-widget_type=\"spacer.default\">\n\t\t\t\t\t\t\t<div class=\"elementor-spacer\">\n\t\t\t<div class=\"elementor-spacer-inner\"><\/div>\n\t\t<\/div>\n\t\t\t\t\t\t<\/div>\n\t\t\t\t<\/div>\n\t\t<div class=\"elementor-element elementor-element-e973435 e-con-full e-flex e-con e-child\" data-id=\"e973435\" data-element_type=\"container\" data-e-type=\"container\" data-settings=\"{&quot;background_background&quot;:&quot;classic&quot;}\">\n\t\t\t\t<\/div>\n\t\t\t\t<\/div>\n\t\t<div class=\"elementor-element elementor-element-8a93ae9 e-con-full e-flex e-con e-parent\" data-id=\"8a93ae9\" data-element_type=\"container\" data-e-type=\"container\" id=\"qodef-custom-section--uncover\" data-settings=\"{&quot;background_background&quot;:&quot;classic&quot;}\">\n\t\t<div class=\"elementor-element elementor-element-89c0b2e e-con-full e-flex e-con e-child\" data-id=\"89c0b2e\" data-element_type=\"container\" data-e-type=\"container\">\n\t\t\t\t<div class=\"elementor-element elementor-element-21c1884 elementor-widget-tablet__width-initial elementor-widget elementor-widget-mediteraneo_core_section_title\" data-id=\"21c1884\" data-element_type=\"widget\" data-e-type=\"widget\" data-widget_type=\"mediteraneo_core_section_title.default\">\n\t\t\t\t<div class=\"elementor-widget-container\">\n\t\t\t\t\t<div class=\"qodef-shortcode qodef-m  qodef-section-title qodef-custom-font-571 qodef-alignment--center qodef-show-decoration--no \">\n\t\t\t<h1 class=\"qodef-m-title\" style=\"color: #FFFFFF\">\n\t\t\t\t\tUn avenir plus vert<br> commence par <span class=\"qodef-highlight-text\" style=\"color: #FFFFFF\">une conversation<br>\t\t\t<\/h1>\n\t\t<p class=\"qodef-m-text\" style=\"color: #FFFFFF\">Vous \u00eates pr\u00eat \u00e0 semer les graines du changement ? Contactez-nous pour d\u00e9couvrir comment le nid des petits peut s&#039;int\u00e9grer et prosp\u00e9rer au coeur de votre entreprise.<\/p>\n\t\t<a class=\"qodef-shortcode qodef-m  qodef-button qodef-layout--filled  qodef-html--link\" href=\"#\" target=\"_blank\" data-hover-color=\"#0A031F\" data-hover-background-color=\"#FFFFFF\" data-hover-border-color=\"#FFFFFF\" style=\"color: #0A031F;background-color: #FFFFFF;border-color: #FFFFFF;margin: 47px 0px 0px\">\t<span class=\"qodef-m-text\">Parlons-en !<\/span><\/a>\t<\/div>\n\t\t\t\t<\/div>\n\t\t\t\t<\/div>\n\t\t\t\t<\/div>\n\t\t<div class=\"elementor-element elementor-element-b0ca1c3 e-con-full e-flex e-con e-child\" data-id=\"b0ca1c3\" data-element_type=\"container\" data-e-type=\"container\">\n\t\t\t\t<div class=\"elementor-element elementor-element-02070f2 elementor-widget elementor-widget-html\" data-id=\"02070f2\" data-element_type=\"widget\" data-e-type=\"widget\" data-widget_type=\"html.default\">\n\t\t\t\t\t<p class=\"qodef-landing-copy\"><span class=\"qodef-text\">Copyright @ <\/span><a href=\"https:\/\/qodeinteractive.com\/\" target=\"_blank\">2024 Le nid des petits<\/a><\/p>\t\t\t\t<\/div>\n\t\t\t\t<\/div>\n\t\t\t\t<\/div>\n\t\t\t\t<\/div>\n\t\t","protected":false},"excerpt":{"rendered":"","protected":false},"author":1,"featured_media":0,"parent":0,"menu_order":0,"comment_status":"closed","ping_status":"closed","template":"page-full-width.php","meta":{"footnotes":""},"class_list":["post-21152","page","type-page","status-publish","hentry"],"aioseo_notices":[],"_links":{"self":[{"href":"https:\/\/www.nascht.lu\/en\/wp-json\/wp\/v2\/pages\/21152","targetHints":{"allow":["GET"]}}],"collection":[{"href":"https:\/\/www.nascht.lu\/en\/wp-json\/wp\/v2\/pages"}],"about":[{"href":"https:\/\/www.nascht.lu\/en\/wp-json\/wp\/v2\/types\/page"}],"author":[{"embeddable":true,"href":"https:\/\/www.nascht.lu\/en\/wp-json\/wp\/v2\/users\/1"}],"replies":[{"embeddable":true,"href":"https:\/\/www.nascht.lu\/en\/wp-json\/wp\/v2\/comments?post=21152"}],"version-history":[{"count":1,"href":"https:\/\/www.nascht.lu\/en\/wp-json\/wp\/v2\/pages\/21152\/revisions"}],"predecessor-version":[{"id":21153,"href":"https:\/\/www.nascht.lu\/en\/wp-json\/wp\/v2\/pages\/21152\/revisions\/21153"}],"wp:attachment":[{"href":"https:\/\/www.nascht.lu\/en\/wp-json\/wp\/v2\/media?parent=21152"}],"curies":[{"name":"wp","href":"https:\/\/api.w.org\/{rel}","templated":true}]}}