{"id":21100,"date":"2024-06-20T10:03:07","date_gmt":"2024-06-20T08:03:07","guid":{"rendered":"https:\/\/www.nascht.lu\/?page_id=21100"},"modified":"2025-10-08T12:21:09","modified_gmt":"2025-10-08T10:21:09","slug":"politica-de-privacidade","status":"publish","type":"page","link":"https:\/\/www.nascht.lu\/pt-pt\/politica-de-privacidade\/","title":{"rendered":"Pol\u00edtica de Privacidade"},"content":{"rendered":"\t\t<div data-elementor-type=\"wp-page\" data-elementor-id=\"21100\" class=\"elementor elementor-21100 elementor-13509\" data-elementor-post-type=\"page\">\n\t\t\t\t<div class=\"elementor-element elementor-element-1e1de98 e-flex e-con-boxed e-con e-parent\" data-id=\"1e1de98\" data-element_type=\"container\" data-e-type=\"container\">\n\t\t\t\t\t<div class=\"e-con-inner\">\n\t\t\t\t<div class=\"elementor-element elementor-element-622d4be elementor-widget elementor-widget-text-editor\" data-id=\"622d4be\" data-element_type=\"widget\" data-e-type=\"widget\" data-widget_type=\"text-editor.default\">\n\t\t\t\t\t\t\t\t\t<div class=\"selectableSection zw-contentpane\"><div id=\"gform_confirmation_wrapper_3\" class=\"gform_confirmation_wrapper gravity-theme gform-theme--no-framework \" data-form-theme=\"gravity-theme\"><div id=\"gform_confirmation_message_3\" class=\"gform_confirmation_message_3 gform_confirmation_message\"><h1>POL\u00cdTICA DE PRIVACIDADE<\/h1><\/div><\/div><div id=\"gform_confirmation_wrapper_3\" class=\"gform_confirmation_wrapper gravity-theme gform-theme--no-framework \" data-form-theme=\"gravity-theme\"><div id=\"gform_confirmation_message_3\" class=\"gform_confirmation_message_3 gform_confirmation_message\"><p>O Grupo Nascht, interveniente de refer\u00eancia no setor das creches e infant\u00e1rios no Luxemburgo, atribui grande import\u00e2ncia \u00e0 prote\u00e7\u00e3o dos dados pessoais. Comprometemo-nos a garantir a confidencialidade, seguran\u00e7a e transpar\u00eancia no tratamento dos dados, em conformidade com o Regulamento Geral sobre a Prote\u00e7\u00e3o de Dados (RGPD) e a legisla\u00e7\u00e3o aplic\u00e1vel.<\/p><h3>Respons\u00e1vel pelo tratamento<\/h3><p>O Grupo Nascht \u00e9 o respons\u00e1vel pelo tratamento dos dados pessoais recolhidos. Para qualquer quest\u00e3o ou pedido relativo \u00e0 prote\u00e7\u00e3o de dados, pode contactar o nosso Encarregado da Prote\u00e7\u00e3o de Dados (DPO) atrav\u00e9s do e-mail: <strong data-start=\"808\" data-end=\"825\"><a class=\"cursor-pointer\" rel=\"noopener\" data-start=\"810\" data-end=\"823\">dpo@nascht.lu<\/a><\/strong>.<\/p><h3>Dados recolhidos<\/h3><p>Recolhemos e tratamos as seguintes informa\u00e7\u00f5es:<\/p><ul><li><strong data-start=\"910\" data-end=\"932\">Dados das crian\u00e7as<\/strong>: Identidade, data de nascimento, informa\u00e7\u00f5es m\u00e9dicas, h\u00e1bitos de vida e acompanhamento do desenvolvimento.<\/li><li><strong data-start=\"1044\" data-end=\"1070\">Dados dos pais\/tutores<\/strong>: Dados de contacto, informa\u00e7\u00f5es banc\u00e1rias, documentos legais (ex. decis\u00f5es judiciais de guarda).<\/li><li><strong data-start=\"1172\" data-end=\"1199\">Dados dos colaboradores<\/strong>: Identidade, informa\u00e7\u00f5es contratuais, qualifica\u00e7\u00f5es, atestados m\u00e9dicos, contactos de emerg\u00eancia.<\/li><li><strong data-start=\"1301\" data-end=\"1325\">Dados dos candidatos<\/strong>: Curr\u00edculo, carta de motiva\u00e7\u00e3o, documentos administrativos necess\u00e1rios para recrutamento.<\/li><li><strong data-start=\"1420\" data-end=\"1438\">Dados t\u00e9cnicos<\/strong>: Endere\u00e7o IP, cookies, registos de sess\u00e3o durante a navega\u00e7\u00e3o no nosso site.<\/li><\/ul><h3>Finalidades do tratamento<\/h3><p>Os dados pessoais s\u00e3o utilizados para os seguintes fins:<\/p><ul><li><strong data-start=\"1617\" data-end=\"1645\">Organiza\u00e7\u00e3o dos servi\u00e7os<\/strong>: Gest\u00e3o do acolhimento, das necessidades das crian\u00e7as e da comunica\u00e7\u00e3o com as fam\u00edlias.<\/li><li><strong data-start=\"1738\" data-end=\"1767\">Administra\u00e7\u00e3o e fatura\u00e7\u00e3o<\/strong>: Gest\u00e3o de contratos e pagamentos.<\/li><li><strong data-start=\"1807\" data-end=\"1838\">Recrutamento e gest\u00e3o de RH<\/strong>: Gest\u00e3o de candidaturas, contratos de trabalho e administra\u00e7\u00e3o de pessoal.<\/li><li><strong data-start=\"1918\" data-end=\"1931\">Seguran\u00e7a<\/strong>: Gest\u00e3o de acessos \u00e0s instala\u00e7\u00f5es e prote\u00e7\u00e3o de pessoas.<\/li><li><strong data-start=\"1993\" data-end=\"2008\">Comunica\u00e7\u00e3o<\/strong>: Informa\u00e7\u00f5es \u00e0s fam\u00edlias sobre servi\u00e7os, atividades e acompanhamento das crian\u00e7as.<\/li><\/ul><h3>Fundamentos legais<\/h3><p>Tratamos os dados pessoais com base no consentimento, execu\u00e7\u00e3o contratual, obriga\u00e7\u00f5es legais e interesse leg\u00edtimo, nomeadamente no que respeita \u00e0 seguran\u00e7a e bem-estar das crian\u00e7as..<\/p><h3>Conserva\u00e7\u00e3o dos dados<\/h3><ul><li><strong data-start=\"2363\" data-end=\"2375\">Crian\u00e7as<\/strong>: Dados conservados at\u00e9 5 anos ap\u00f3s a sa\u00edda.<\/li><li><strong data-start=\"2424\" data-end=\"2432\">Pais<\/strong>: Informa\u00e7\u00f5es fiscais conservadas por 10 anos.<\/li><li><strong data-start=\"2483\" data-end=\"2500\">Colaboradores<\/strong>: Dossiers conservados por 10 anos ap\u00f3s o t\u00e9rmino do contrato.<\/li><li><strong data-start=\"2567\" data-end=\"2589\">Dados de navega\u00e7\u00e3o<\/strong>: Conservados por 12 meses.<\/li><\/ul><h3>Partilha de dados<\/h3><p>Os dados s\u00e3o partilhados apenas quando necess\u00e1rio:<\/p><ul><li><strong data-start=\"2704\" data-end=\"2723\">Subcontratantes<\/strong>: Prestadores de servi\u00e7os que garantem um n\u00edvel adequado de prote\u00e7\u00e3o.<\/li><li><strong data-start=\"2797\" data-end=\"2812\">Autoridades<\/strong>: De acordo com obriga\u00e7\u00f5es legais.<\/li><\/ul><h3>Seguran\u00e7a dos dados<\/h3><p>Aplicamos medidas t\u00e9cnicas e organizacionais rigorosas para garantir a seguran\u00e7a dos dados: encripta\u00e7\u00e3o, acesso restrito e controlo de acessos.<\/p><h3>Direitos dos titulares dos dados<\/h3><p>Tem o direito de aceder, retificar, apagar, limitar ou portar os seus dados pessoais. Para exercer estes direitos, contacte o nosso DPO.<\/p><h3>Altera\u00e7\u00f5es<\/h3><p>Podemos atualizar esta pol\u00edtica de privacidade. Quaisquer altera\u00e7\u00f5es ser\u00e3o comunicadas atrav\u00e9s do nosso site.<\/p><h3>Em caso de viola\u00e7\u00e3o<\/h3><p>Em caso de viola\u00e7\u00e3o de dados, notificaremos a Comiss\u00e3o Nacional para a Prote\u00e7\u00e3o de Dados (CNPD) no prazo de 72 horas<strong>.<\/strong><\/p><p><strong>Contacto:<\/strong> Yuri Claessen &#8211; dpo@nascht.lu<\/p><hr \/><\/div><\/div><\/div>\t\t\t\t\t\t\t\t<\/div>\n\t\t\t\t\t<\/div>\n\t\t\t\t<\/div>\n\t\t<div class=\"elementor-element elementor-element-1506177 e-con-full e-flex e-con e-parent\" data-id=\"1506177\" data-element_type=\"container\" data-e-type=\"container\" data-settings=\"{&quot;background_background&quot;:&quot;classic&quot;}\">\n\t\t<div class=\"elementor-element elementor-element-d4dd0e8 e-con-full elementor-hidden-mobile e-flex e-con e-child\" data-id=\"d4dd0e8\" data-element_type=\"container\" data-e-type=\"container\" data-settings=\"{&quot;background_background&quot;:&quot;classic&quot;,&quot;background_motion_fx_motion_fx_scrolling&quot;:&quot;yes&quot;,&quot;background_motion_fx_translateY_effect&quot;:&quot;yes&quot;,&quot;background_motion_fx_translateY_speed&quot;:{&quot;unit&quot;:&quot;px&quot;,&quot;size&quot;:0.5,&quot;sizes&quot;:[]},&quot;background_motion_fx_translateX_effect&quot;:&quot;yes&quot;,&quot;background_motion_fx_translateX_speed&quot;:{&quot;unit&quot;:&quot;px&quot;,&quot;size&quot;:0.5,&quot;sizes&quot;:[]},&quot;background_motion_fx_translateY_affectedRange&quot;:{&quot;unit&quot;:&quot;%&quot;,&quot;size&quot;:&quot;&quot;,&quot;sizes&quot;:{&quot;start&quot;:0,&quot;end&quot;:100}},&quot;background_motion_fx_translateX_affectedRange&quot;:{&quot;unit&quot;:&quot;%&quot;,&quot;size&quot;:&quot;&quot;,&quot;sizes&quot;:{&quot;start&quot;:0,&quot;end&quot;:100}},&quot;background_motion_fx_devices&quot;:[&quot;desktop&quot;,&quot;tablet&quot;,&quot;mobile&quot;]}\">\n\t\t\t\t<\/div>\n\t\t<div class=\"elementor-element elementor-element-9999319 e-con-full e-flex e-con e-child\" data-id=\"9999319\" data-element_type=\"container\" data-e-type=\"container\" data-settings=\"{&quot;background_background&quot;:&quot;classic&quot;}\">\n\t\t\t\t<div class=\"elementor-element elementor-element-2ea0c14 elementor-widget elementor-widget-spacer\" data-id=\"2ea0c14\" data-element_type=\"widget\" data-e-type=\"widget\" data-widget_type=\"spacer.default\">\n\t\t\t\t\t\t\t<div class=\"elementor-spacer\">\n\t\t\t<div class=\"elementor-spacer-inner\"><\/div>\n\t\t<\/div>\n\t\t\t\t\t\t<\/div>\n\t\t\t\t<div class=\"elementor-element elementor-element-ffac629 elementor-widget elementor-widget-mediteraneo_core_section_title\" data-id=\"ffac629\" data-element_type=\"widget\" data-e-type=\"widget\" data-widget_type=\"mediteraneo_core_section_title.default\">\n\t\t\t\t<div class=\"elementor-widget-container\">\n\t\t\t\t\t<div class=\"qodef-shortcode qodef-m  qodef-section-title qodef-custom-font-139 qodef-alignment--center qodef-show-decoration--no \">\n\t\t\t<h2 class=\"qodef-m-title\" >\n\t\t\t\t\t<a itemprop=\"url\" href=\"https:\/\/www.nascht.lu\/pt-pt\/contacto\/\" target=\"_self\">\n\t\t\t\t\tJuntar-se ao ninho\t\t\t\t\t<\/a>\n\t\t\t<\/h2>\n\t\t<p class=\"qodef-m-text\" >Preencha o formul\u00e1rio para obter mais informa\u00e7\u00f5es e receber um convite para a visita.<\/p>\n\t\t<a class=\"qodef-shortcode qodef-m  qodef-button qodef-layout--filled  qodef-html--link\" href=\"https:\/\/www.nascht.lu\/pt-pt\/pre-inscricao\/\" target=\"_self\" data-hover-background-color=\"#FFFFFF\" style=\"background-color: #FFFFFF\">\t<span class=\"qodef-m-text\">Contactar-nos<\/span><\/a>\t<\/div>\n\t\t\t\t<\/div>\n\t\t\t\t<\/div>\n\t\t\t\t<div class=\"elementor-element elementor-element-db7ef41 elementor-widget elementor-widget-spacer\" data-id=\"db7ef41\" data-element_type=\"widget\" data-e-type=\"widget\" data-widget_type=\"spacer.default\">\n\t\t\t\t\t\t\t<div class=\"elementor-spacer\">\n\t\t\t<div class=\"elementor-spacer-inner\"><\/div>\n\t\t<\/div>\n\t\t\t\t\t\t<\/div>\n\t\t\t\t<\/div>\n\t\t\t\t<\/div>\n\t\t\t\t<\/div>\n\t\t","protected":false},"excerpt":{"rendered":"<p>POL\u00cdTICA DE PRIVACIDADE O Grupo Nascht, interveniente de refer\u00eancia no setor das creches e infant\u00e1rios no Luxemburgo, atribui grande import\u00e2ncia \u00e0 prote\u00e7\u00e3o dos dados pessoais. Comprometemo-nos a garantir a confidencialidade, seguran\u00e7a e transpar\u00eancia no tratamento dos dados, em conformidade com o Regulamento Geral sobre a Prote\u00e7\u00e3o de Dados (RGPD) e a legisla\u00e7\u00e3o aplic\u00e1vel. Respons\u00e1vel pelo [&hellip;]<\/p>\n","protected":false},"author":1,"featured_media":0,"parent":0,"menu_order":0,"comment_status":"closed","ping_status":"closed","template":"page-full-width.php","meta":{"footnotes":""},"class_list":["post-21100","page","type-page","status-publish","hentry"],"aioseo_notices":[],"_links":{"self":[{"href":"https:\/\/www.nascht.lu\/pt-pt\/wp-json\/wp\/v2\/pages\/21100","targetHints":{"allow":["GET"]}}],"collection":[{"href":"https:\/\/www.nascht.lu\/pt-pt\/wp-json\/wp\/v2\/pages"}],"about":[{"href":"https:\/\/www.nascht.lu\/pt-pt\/wp-json\/wp\/v2\/types\/page"}],"author":[{"embeddable":true,"href":"https:\/\/www.nascht.lu\/pt-pt\/wp-json\/wp\/v2\/users\/1"}],"replies":[{"embeddable":true,"href":"https:\/\/www.nascht.lu\/pt-pt\/wp-json\/wp\/v2\/comments?post=21100"}],"version-history":[{"count":7,"href":"https:\/\/www.nascht.lu\/pt-pt\/wp-json\/wp\/v2\/pages\/21100\/revisions"}],"predecessor-version":[{"id":22341,"href":"https:\/\/www.nascht.lu\/pt-pt\/wp-json\/wp\/v2\/pages\/21100\/revisions\/22341"}],"wp:attachment":[{"href":"https:\/\/www.nascht.lu\/pt-pt\/wp-json\/wp\/v2\/media?parent=21100"}],"curies":[{"name":"wp","href":"https:\/\/api.w.org\/{rel}","templated":true}]}}