{"id":21166,"date":"2024-06-26T08:44:43","date_gmt":"2024-06-26T06:44:43","guid":{"rendered":"https:\/\/www.nascht.lu\/?page_id=21166"},"modified":"2025-06-17T16:30:38","modified_gmt":"2025-06-17T14:30:38","slug":"ofertas-de-emprego","status":"publish","type":"page","link":"https:\/\/www.nascht.lu\/pt-pt\/ofertas-de-emprego\/","title":{"rendered":"Ofertas de emprego"},"content":{"rendered":"\t\t<div data-elementor-type=\"wp-page\" data-elementor-id=\"21166\" class=\"elementor elementor-21166 elementor-15506\" data-elementor-post-type=\"page\">\n\t\t\t\t<div class=\"elementor-element elementor-element-500851a e-flex e-con-boxed e-con e-parent\" data-id=\"500851a\" data-element_type=\"container\" data-e-type=\"container\">\n\t\t\t\t\t<div class=\"e-con-inner\">\n\t\t<div class=\"elementor-element elementor-element-0f09255 e-con-full e-flex e-con e-child\" data-id=\"0f09255\" data-element_type=\"container\" data-e-type=\"container\">\n\t\t\t\t<div class=\"elementor-element elementor-element-d057404 elementor-widget elementor-widget-mediteraneo_core_section_title\" data-id=\"d057404\" data-element_type=\"widget\" data-e-type=\"widget\" data-widget_type=\"mediteraneo_core_section_title.default\">\n\t\t\t\t<div class=\"elementor-widget-container\">\n\t\t\t\t\t<div class=\"qodef-shortcode qodef-m  qodef-section-title qodef-custom-font-411 qodef-alignment--left qodef-show-decoration--no \">\n\t\t\t<h1 class=\"qodef-m-title\" >\n\t\t\t\t\tOfertas de emprego\t\t\t<\/h1>\n\t\t<p class=\"qodef-m-text\" >Na Nascht, estamos sempre \u00e0 procura de profissionais dedicados e apaixonados para enriquecer a nossa equipa. Oferecemos um ambiente de trabalho din\u00e2mico e estimulante, onde cada membro \u00e9 valorizado e incentivado a desenvolver-se. Descubra as nossas oportunidades de carreira e envie-nos a sua candidatura espont\u00e2nea.<\/p>\n\t<\/div>\n\t\t\t\t<\/div>\n\t\t\t\t<\/div>\n\t\t\t\t<div class=\"elementor-element elementor-element-a2eb971 elementor-widget elementor-widget-image\" data-id=\"a2eb971\" data-element_type=\"widget\" data-e-type=\"widget\" data-settings=\"{&quot;motion_fx_motion_fx_scrolling&quot;:&quot;yes&quot;,&quot;motion_fx_translateY_effect&quot;:&quot;yes&quot;,&quot;motion_fx_translateY_speed&quot;:{&quot;unit&quot;:&quot;px&quot;,&quot;size&quot;:0.5,&quot;sizes&quot;:[]},&quot;_animation&quot;:&quot;none&quot;,&quot;motion_fx_translateY_direction&quot;:&quot;negative&quot;,&quot;motion_fx_translateY_affectedRange&quot;:{&quot;unit&quot;:&quot;%&quot;,&quot;size&quot;:&quot;&quot;,&quot;sizes&quot;:{&quot;start&quot;:0,&quot;end&quot;:100}},&quot;motion_fx_devices&quot;:[&quot;desktop&quot;,&quot;tablet&quot;,&quot;mobile&quot;]}\" data-widget_type=\"image.default\">\n\t\t\t\t\t\t\t\t\t\t\t\t\t\t\t<img decoding=\"async\" src=\"https:\/\/www.nascht.lu\/wp-content\/uploads\/2024\/04\/curves.png\" title=\"\" alt=\"\" loading=\"lazy\" \/>\t\t\t\t\t\t\t\t\t\t\t\t\t\t\t<\/div>\n\t\t\t\t<\/div>\n\t\t<div class=\"elementor-element elementor-element-403fb43 e-con-full e-flex e-con e-child\" data-id=\"403fb43\" data-element_type=\"container\" data-e-type=\"container\">\n\t\t\t\t<div class=\"elementor-element elementor-element-31b66cd elementor-widget elementor-widget-image\" data-id=\"31b66cd\" data-element_type=\"widget\" data-e-type=\"widget\" data-settings=\"{&quot;motion_fx_motion_fx_scrolling&quot;:&quot;yes&quot;,&quot;motion_fx_translateY_effect&quot;:&quot;yes&quot;,&quot;motion_fx_translateY_direction&quot;:&quot;negative&quot;,&quot;motion_fx_translateY_speed&quot;:{&quot;unit&quot;:&quot;px&quot;,&quot;size&quot;:1,&quot;sizes&quot;:[]},&quot;motion_fx_rotateZ_effect&quot;:&quot;yes&quot;,&quot;motion_fx_rotateZ_direction&quot;:&quot;negative&quot;,&quot;motion_fx_translateY_affectedRange&quot;:{&quot;unit&quot;:&quot;%&quot;,&quot;size&quot;:&quot;&quot;,&quot;sizes&quot;:{&quot;start&quot;:0,&quot;end&quot;:100}},&quot;motion_fx_rotateZ_speed&quot;:{&quot;unit&quot;:&quot;px&quot;,&quot;size&quot;:1,&quot;sizes&quot;:[]},&quot;motion_fx_rotateZ_affectedRange&quot;:{&quot;unit&quot;:&quot;%&quot;,&quot;size&quot;:&quot;&quot;,&quot;sizes&quot;:{&quot;start&quot;:0,&quot;end&quot;:100}},&quot;motion_fx_devices&quot;:[&quot;desktop&quot;,&quot;tablet&quot;,&quot;mobile&quot;]}\" data-widget_type=\"image.default\">\n\t\t\t\t\t\t\t\t\t\t\t\t\t\t\t<img fetchpriority=\"high\" decoding=\"async\" width=\"300\" height=\"300\" src=\"https:\/\/www.nascht.lu\/wp-content\/uploads\/2024\/06\/icon-lndp-yellow-02.png\" class=\"attachment-large size-large wp-image-19656\" alt=\"\" srcset=\"https:\/\/www.nascht.lu\/wp-content\/uploads\/2024\/06\/icon-lndp-yellow-02.png 300w, https:\/\/www.nascht.lu\/wp-content\/uploads\/2024\/06\/icon-lndp-yellow-02-150x150.png 150w, https:\/\/www.nascht.lu\/wp-content\/uploads\/2024\/06\/icon-lndp-yellow-02-100x100.png 100w\" sizes=\"(max-width: 300px) 100vw, 300px\" \/>\t\t\t\t\t\t\t\t\t\t\t\t\t\t\t<\/div>\n\t\t\t\t<div class=\"elementor-element elementor-element-8b34a71 elementor-widget elementor-widget-image\" data-id=\"8b34a71\" data-element_type=\"widget\" data-e-type=\"widget\" data-settings=\"{&quot;motion_fx_motion_fx_scrolling&quot;:&quot;yes&quot;,&quot;motion_fx_translateX_effect&quot;:&quot;yes&quot;,&quot;motion_fx_translateX_speed&quot;:{&quot;unit&quot;:&quot;px&quot;,&quot;size&quot;:2.6,&quot;sizes&quot;:[]},&quot;motion_fx_translateX_affectedRange&quot;:{&quot;unit&quot;:&quot;%&quot;,&quot;size&quot;:&quot;&quot;,&quot;sizes&quot;:{&quot;start&quot;:0,&quot;end&quot;:100}},&quot;motion_fx_devices&quot;:[&quot;desktop&quot;,&quot;tablet&quot;,&quot;mobile&quot;]}\" data-widget_type=\"image.default\">\n\t\t\t\t\t\t\t\t\t\t\t\t\t\t\t<img decoding=\"async\" width=\"475\" height=\"300\" src=\"https:\/\/www.nascht.lu\/wp-content\/uploads\/2024\/06\/icon-lndp-pink-06.png\" class=\"attachment-large size-large wp-image-19635\" alt=\"\" srcset=\"https:\/\/www.nascht.lu\/wp-content\/uploads\/2024\/06\/icon-lndp-pink-06.png 475w, https:\/\/www.nascht.lu\/wp-content\/uploads\/2024\/06\/icon-lndp-pink-06-300x189.png 300w\" sizes=\"(max-width: 475px) 100vw, 475px\" \/>\t\t\t\t\t\t\t\t\t\t\t\t\t\t\t<\/div>\n\t\t\t\t<\/div>\n\t\t\t\t\t<\/div>\n\t\t\t\t<\/div>\n\t\t<div class=\"elementor-element elementor-element-67a0d27 e-flex e-con-boxed e-con e-parent\" data-id=\"67a0d27\" data-element_type=\"container\" data-e-type=\"container\">\n\t\t\t\t\t<div class=\"e-con-inner\">\n\t\t<div class=\"elementor-element elementor-element-501b06a e-con-full e-flex e-con e-child\" data-id=\"501b06a\" data-element_type=\"container\" data-e-type=\"container\">\n\t\t\t\t<div class=\"elementor-element elementor-element-8af49bd elementor-cta--layout-image-above elementor-cta--skin-classic elementor-animated-content elementor-bg-transform elementor-bg-transform-zoom-in elementor-widget elementor-widget-call-to-action\" data-id=\"8af49bd\" data-element_type=\"widget\" data-e-type=\"widget\" data-widget_type=\"call-to-action.default\">\n\t\t\t\t\t\t\t<div class=\"elementor-cta\">\n\t\t\t\t\t\t\t<div class=\"elementor-cta__content\">\n\t\t\t\t\n\t\t\t\t\t\t\t\t\t<h2 class=\"elementor-cta__title elementor-cta__content-item elementor-content-item\">\n\t\t\t\t\t\tEducador(a) diplomado(a)\t\t\t\t\t<\/h2>\n\t\t\t\t\n\t\t\t\t\t\t\t\t\t<div class=\"elementor-cta__description elementor-cta__content-item elementor-content-item\">\n\t\t\t\t\t\t<p>Procuramos profissionais qualificados e dedicados para integrar a nossa equipa como Educadores diplomados. Se \u00e9 motivado(a) pelo desenvolvimento e bem-estar das crian\u00e7as e deseja contribuir ativamente para o seu crescimento, convidamo-lo(a) a enviar a sua candidatura.<\/p>\n    <p><strong>Perfil pretendido:<\/strong><\/p>\n    <ul>\n        <li>Diploma de Educador reconhecido<\/li>\n        <li>Excelentes compet\u00eancias de comunica\u00e7\u00e3o<\/li>\n  <li>Capacidade de interagir com crian\u00e7as e pais<\/li>\n     <li>Fiabilidade, sentido de responsabilidade e esp\u00edrito de equipa<\/li>\n    <\/ul>\t\t\t\t\t<\/div>\n\t\t\t\t\n\t\t\t\t\t\t\t\t\t<div class=\"elementor-cta__button-wrapper elementor-cta__content-item elementor-content-item \">\n\t\t\t\t\t<a class=\"elementor-cta__button elementor-button elementor-size-\" href=\"https:\/\/www.nascht.lu\/pt-pt\/recrutamento\/\">\n\t\t\t\t\t\tJuntar-se \u00e0 equipa\t\t\t\t\t<\/a>\n\t\t\t\t\t<\/div>\n\t\t\t\t\t\t\t<\/div>\n\t\t\t\t\t\t<\/div>\n\t\t\t\t\t\t<\/div>\n\t\t\t\t<\/div>\n\t\t<div class=\"elementor-element elementor-element-200fce2 e-con-full e-flex e-con e-child\" data-id=\"200fce2\" data-element_type=\"container\" data-e-type=\"container\">\n\t\t\t\t<div class=\"elementor-element elementor-element-85e693b elementor-cta--layout-image-above elementor-cta--skin-classic elementor-animated-content elementor-bg-transform elementor-bg-transform-zoom-in elementor-widget elementor-widget-call-to-action\" data-id=\"85e693b\" data-element_type=\"widget\" data-e-type=\"widget\" data-widget_type=\"call-to-action.default\">\n\t\t\t\t\t\t\t<div class=\"elementor-cta\">\n\t\t\t\t\t\t\t<div class=\"elementor-cta__content\">\n\t\t\t\t\n\t\t\t\t\t\t\t\t\t<h2 class=\"elementor-cta__title elementor-cta__content-item elementor-content-item\">\n\t\t\t\t\t\tAuxiliar de Educa\u00e7\u00e3o\t\t\t\t\t<\/h2>\n\t\t\t\t\n\t\t\t\t\t\t\t\t\t<div class=\"elementor-cta__description elementor-cta__content-item elementor-content-item\">\n\t\t\t\t\t\t <p>Estamos \u00e0 procura de Auxiliares de Educa\u00e7\u00e3o motivados e atentos para se juntarem \u00e0 nossa equipa. Se tem gosto em acompanhar o desenvolvimento di\u00e1rio das crian\u00e7as e deseja evoluir num ambiente din\u00e2mico, aguardamos a sua candidatura.<\/p>\n    <p><strong>Perfil pretendido:<\/strong><\/p>\n    <ul>\n        <li>Certificado de Auxiliar de Educa\u00e7\u00e3o reconhecido<\/li>\n        <li>acilidade de relacionamento e capacidade de colaborar com a equipa<\/li>\n        <li>Pessoa fi\u00e1vel, empenhada e atenta ao bem-estar das crian\u00e7as<\/li>\n<li>SSentido de organiza\u00e7\u00e3o e criatividade<\/li>\n    <\/ul>\t\t\t\t\t<\/div>\n\t\t\t\t\n\t\t\t\t\t\t\t\t\t<div class=\"elementor-cta__button-wrapper elementor-cta__content-item elementor-content-item \">\n\t\t\t\t\t<a class=\"elementor-cta__button elementor-button elementor-size-\" href=\"https:\/\/www.nascht.lu\/pt-pt\/recrutamento\/\">\n\t\t\t\t\t\tJuntar-se \u00e0 equipa\t\t\t\t\t<\/a>\n\t\t\t\t\t<\/div>\n\t\t\t\t\t\t\t<\/div>\n\t\t\t\t\t\t<\/div>\n\t\t\t\t\t\t<\/div>\n\t\t\t\t<\/div>\n\t\t\t\t\t<\/div>\n\t\t\t\t<\/div>\n\t\t<div class=\"elementor-element elementor-element-2b6f15d e-flex e-con-boxed e-con e-parent\" data-id=\"2b6f15d\" data-element_type=\"container\" data-e-type=\"container\">\n\t\t\t\t\t<div class=\"e-con-inner\">\n\t\t\t\t<div class=\"elementor-element elementor-element-1ff58e6 elementor-widget elementor-widget-mediteraneo_core_section_title\" data-id=\"1ff58e6\" data-element_type=\"widget\" data-e-type=\"widget\" data-widget_type=\"mediteraneo_core_section_title.default\">\n\t\t\t\t<div class=\"elementor-widget-container\">\n\t\t\t\t\t<div class=\"qodef-shortcode qodef-m  qodef-section-title qodef-custom-font-954 qodef-alignment--center qodef-show-decoration--no \">\n\t\t\t<h3 class=\"qodef-m-title\" >\n\t\t\t\t\tNewsletter\t\t\t<\/h3>\n\t\t<p class=\"qodef-m-text\" style=\"margin-top: 10px\">Mantenha-se informado, junte-se a n\u00f3s!<\/p>\n\t<\/div>\n\t\t\t\t<\/div>\n\t\t\t\t<\/div>\n\t\t\t\t\t<\/div>\n\t\t\t\t<\/div>\n\t\t<div class=\"elementor-element elementor-element-dd08548 e-flex e-con-boxed e-con e-parent\" data-id=\"dd08548\" data-element_type=\"container\" data-e-type=\"container\">\n\t\t\t\t\t<div class=\"e-con-inner\">\n\t\t<div class=\"elementor-element elementor-element-be9b4fc e-con-full e-flex e-con e-child\" data-id=\"be9b4fc\" data-element_type=\"container\" data-e-type=\"container\">\n\t\t\t\t<\/div>\n\t\t<div class=\"elementor-element elementor-element-5fe0767 e-con-full e-flex e-con e-child\" data-id=\"5fe0767\" data-element_type=\"container\" data-e-type=\"container\">\n\t\t\t\t<div class=\"elementor-element elementor-element-784716e elementor-widget elementor-widget-wp-widget-mediteraneo_core_contact_form_7\" data-id=\"784716e\" data-element_type=\"widget\" data-e-type=\"widget\" data-widget_type=\"wp-widget-mediteraneo_core_contact_form_7.default\">\n\t\t\t\t<div class=\"elementor-widget-container\">\n\t\t\t\t\t\t\t\t<div class=\"qodef-contact-form-7\">\n\t\t\t\t\n<div class=\"wpcf7 no-js\" id=\"wpcf7-f20545-o1\" lang=\"fr-FR\" dir=\"ltr\" data-wpcf7-id=\"20545\">\n<div class=\"screen-reader-response\"><p role=\"status\" aria-live=\"polite\" aria-atomic=\"true\"><\/p> <ul><\/ul><\/div>\n<form action=\"\/pt-pt\/wp-json\/wp\/v2\/pages\/21166#wpcf7-f20545-o1\" method=\"post\" class=\"wpcf7-form init demo cf7mls-no-scroll cf7mls-auto-return-first-step cf7mls-no-moving-animation\" aria-label=\"Formulaire de contact\" novalidate=\"novalidate\" data-status=\"init\">\n<fieldset class=\"hidden-fields-container\"><input type=\"hidden\" name=\"_wpcf7\" value=\"20545\" \/><input type=\"hidden\" name=\"_wpcf7_version\" value=\"6.1.5\" \/><input type=\"hidden\" name=\"_wpcf7_locale\" value=\"fr_FR\" \/><input type=\"hidden\" name=\"_wpcf7_unit_tag\" value=\"wpcf7-f20545-o1\" \/><input type=\"hidden\" name=\"_wpcf7_container_post\" value=\"0\" \/><input type=\"hidden\" name=\"_wpcf7_posted_data_hash\" value=\"\" \/>\n<\/fieldset>\n<div class=\"qodef-newsletter\"><label><span class=\"wpcf7-form-control-wrap\" data-name=\"your-email\"><input size=\"40\" maxlength=\"400\" class=\"wpcf7-form-control wpcf7-email wpcf7-validates-as-required wpcf7-text wpcf7-validates-as-email\" aria-required=\"true\" aria-invalid=\"false\" placeholder=\"O seu e-mail\" value=\"\" type=\"email\" name=\"your-email\" \/><\/span><\/label><button class=\"wpcf7-form-control wpcf7-submit qodef-button qodef-size--normal qodef-layout--filled qodef-m\" type=\"submit\"><span class=\"qodef-m-text\">Enviar<\/span><\/button><\/div><div class=\"wpcf7-response-output\" aria-hidden=\"true\"><\/div>\n<\/form>\n<\/div>\n\t\t\t<\/div>\n\t\t\t\t\t\t\t<\/div>\n\t\t\t\t<\/div>\n\t\t\t\t<\/div>\n\t\t<div class=\"elementor-element elementor-element-89c148d e-con-full e-flex e-con e-child\" data-id=\"89c148d\" data-element_type=\"container\" data-e-type=\"container\">\n\t\t\t\t<\/div>\n\t\t\t\t\t<\/div>\n\t\t\t\t<\/div>\n\t\t\t\t<\/div>\n\t\t","protected":false},"excerpt":{"rendered":"<p>Ofertas de emprego Na Nascht, estamos sempre \u00e0 procura de profissionais dedicados e apaixonados para enriquecer a nossa equipa. Oferecemos um ambiente de trabalho din\u00e2mico e estimulante, onde cada membro \u00e9 valorizado e incentivado a desenvolver-se. Descubra as nossas oportunidades de carreira e envie-nos a sua candidatura espont\u00e2nea. Educador(a) diplomado(a) Procuramos profissionais qualificados e dedicados [&hellip;]<\/p>\n","protected":false},"author":1,"featured_media":0,"parent":0,"menu_order":0,"comment_status":"closed","ping_status":"closed","template":"page-full-width.php","meta":{"footnotes":""},"class_list":["post-21166","page","type-page","status-publish","hentry"],"aioseo_notices":[],"_links":{"self":[{"href":"https:\/\/www.nascht.lu\/pt-pt\/wp-json\/wp\/v2\/pages\/21166","targetHints":{"allow":["GET"]}}],"collection":[{"href":"https:\/\/www.nascht.lu\/pt-pt\/wp-json\/wp\/v2\/pages"}],"about":[{"href":"https:\/\/www.nascht.lu\/pt-pt\/wp-json\/wp\/v2\/types\/page"}],"author":[{"embeddable":true,"href":"https:\/\/www.nascht.lu\/pt-pt\/wp-json\/wp\/v2\/users\/1"}],"replies":[{"embeddable":true,"href":"https:\/\/www.nascht.lu\/pt-pt\/wp-json\/wp\/v2\/comments?post=21166"}],"version-history":[{"count":4,"href":"https:\/\/www.nascht.lu\/pt-pt\/wp-json\/wp\/v2\/pages\/21166\/revisions"}],"predecessor-version":[{"id":21171,"href":"https:\/\/www.nascht.lu\/pt-pt\/wp-json\/wp\/v2\/pages\/21166\/revisions\/21171"}],"wp:attachment":[{"href":"https:\/\/www.nascht.lu\/pt-pt\/wp-json\/wp\/v2\/media?parent=21166"}],"curies":[{"name":"wp","href":"https:\/\/api.w.org\/{rel}","templated":true}]}}